{"id":16451,"date":"2023-06-20T14:13:43","date_gmt":"2023-06-20T14:13:43","guid":{"rendered":"https:\/\/www.elea.ee\/?page_id=16451"},"modified":"2023-06-20T14:41:36","modified_gmt":"2023-06-20T14:41:36","slug":"2000-2","status":"publish","type":"page","link":"https:\/\/www.elea.ee\/en\/management-board-of-elfa\/2000-2\/","title":{"rendered":"2000"},"content":{"rendered":"<div class=\"wpb-content-wrapper\"><p>[vc_row][vc_column][vc_column_text font_color=&#8221;#1f1a17&#8243;]<\/p>\n<table style=\"border-collapse: collapse; width: 100%; height: 288px;\">\n<tbody>\n<tr style=\"height: 56px;\">\n<td style=\"width: 50%; height: 56px;\">Chairman of the Board:<\/td>\n<td style=\"width: 50%; height: 56px;\">Karli Lambot (Air Cargo Estonia AS)<\/td>\n<\/tr>\n<tr style=\"height: 56px;\">\n<td style=\"width: 50%; height: 56px;\">Vice-Chairman of the Board:<\/td>\n<td style=\"width: 50%; height: 56px;\">Jaan Lepp\u00a0 (Svex Eesti AS)<\/td>\n<\/tr>\n<tr style=\"height: 56px;\">\n<td style=\"width: 50%; height: 56px;\">Members of the Board:<\/td>\n<td style=\"width: 50%; height: 56px;\">Meelis Arumeel (Schenker \u2013 BTL AS)<\/td>\n<\/tr>\n<tr style=\"height: 24px;\">\n<td style=\"width: 50%; height: 24px;\"><\/td>\n<td style=\"width: 50%; height: 24px;\">J\u00fcri Suursoo (ATV &amp; TAV Logistika O\u00dc)<\/td>\n<\/tr>\n<tr style=\"height: 24px;\">\n<td style=\"width: 50%; height: 24px;\"><\/td>\n<td style=\"width: 50%; height: 24px;\">Mati K\u00e4rt (ASG ERT Eesti AS)<\/td>\n<\/tr>\n<tr style=\"height: 24px;\">\n<td style=\"width: 50%; height: 24px;\"><\/td>\n<td style=\"width: 50%; height: 24px;\">Alar L\u00f5hmus (KLG Eesti AS)<\/td>\n<\/tr>\n<tr>\n<td style=\"width: 50%;\"><\/td>\n<td style=\"width: 50%;\">Illimar Paul (E. M. Trans AS)<\/td>\n<\/tr>\n<tr style=\"height: 24px;\">\n<td style=\"width: 50%; height: 24px;\">EEA Secretary:<\/td>\n<td style=\"width: 50%; height: 24px;\">Kersti Kraas<\/td>\n<\/tr>\n<\/tbody>\n<\/table>\n<p>[\/vc_column_text][\/vc_column][\/vc_row]<\/p>\n<\/div>","protected":false},"excerpt":{"rendered":"<p>[vc_row][vc_column][vc_column_text font_color=&#8221;#1f1a17&#8243;] Chairman of the Board: Karli Lambot (Air Cargo Estonia AS) Vice-Chairman of the Board: Jaan Lepp\u00a0 (Svex Eesti AS) Members of the Board: Meelis Arumeel (Schenker \u2013 BTL AS) J\u00fcri Suursoo (ATV &amp; TAV Logistika O\u00dc) Mati K\u00e4rt (ASG ERT Eesti AS) Alar L\u00f5hmus (KLG Eesti AS) Illimar Paul (E. M. Trans AS) [&hellip;]<\/p>\n","protected":false},"author":1,"featured_media":0,"parent":15040,"menu_order":0,"comment_status":"closed","ping_status":"closed","template":"","meta":{"_acf_changed":false,"footnotes":""},"class_list":["post-16451","page","type-page","status-publish","hentry"],"acf":[],"yoast_head":"<!-- This site is optimized with the Yoast SEO plugin v26.6 - https:\/\/yoast.com\/wordpress\/plugins\/seo\/ -->\n<title>2000 - Elea<\/title>\n<meta name=\"robots\" content=\"index, follow, max-snippet:-1, max-image-preview:large, max-video-preview:-1\" \/>\n<link rel=\"canonical\" href=\"https:\/\/www.elea.ee\/en\/management-board-of-elfa\/2000-2\/\" \/>\n<meta property=\"og:locale\" content=\"en_US\" \/>\n<meta property=\"og:type\" content=\"article\" \/>\n<meta property=\"og:title\" content=\"2000 - Elea\" \/>\n<meta property=\"og:description\" content=\"[vc_row][vc_column][vc_column_text font_color=&#8221;#1f1a17&#8243;] Chairman of the Board: Karli Lambot (Air Cargo Estonia AS) Vice-Chairman of the Board: Jaan Lepp\u00a0 (Svex Eesti AS) Members of the Board: Meelis Arumeel (Schenker \u2013 BTL AS) J\u00fcri Suursoo (ATV &amp; TAV Logistika O\u00dc) Mati K\u00e4rt (ASG ERT Eesti AS) Alar L\u00f5hmus (KLG Eesti AS) Illimar Paul (E. M. Trans AS) [&hellip;]\" \/>\n<meta property=\"og:url\" content=\"https:\/\/www.elea.ee\/en\/management-board-of-elfa\/2000-2\/\" \/>\n<meta property=\"og:site_name\" content=\"Elea\" \/>\n<meta property=\"article:modified_time\" content=\"2023-06-20T14:41:36+00:00\" \/>\n<meta name=\"twitter:card\" content=\"summary_large_image\" \/>\n<script type=\"application\/ld+json\" class=\"yoast-schema-graph\">{\"@context\":\"https:\/\/schema.org\",\"@graph\":[{\"@type\":\"WebPage\",\"@id\":\"https:\/\/www.elea.ee\/en\/management-board-of-elfa\/2000-2\/\",\"url\":\"https:\/\/www.elea.ee\/en\/management-board-of-elfa\/2000-2\/\",\"name\":\"2000 - Elea\",\"isPartOf\":{\"@id\":\"https:\/\/www.elea.ee\/en\/#website\"},\"datePublished\":\"2023-06-20T14:13:43+00:00\",\"dateModified\":\"2023-06-20T14:41:36+00:00\",\"breadcrumb\":{\"@id\":\"https:\/\/www.elea.ee\/en\/management-board-of-elfa\/2000-2\/#breadcrumb\"},\"inLanguage\":\"en-US\",\"potentialAction\":[{\"@type\":\"ReadAction\",\"target\":[\"https:\/\/www.elea.ee\/en\/management-board-of-elfa\/2000-2\/\"]}]},{\"@type\":\"BreadcrumbList\",\"@id\":\"https:\/\/www.elea.ee\/en\/management-board-of-elfa\/2000-2\/#breadcrumb\",\"itemListElement\":[{\"@type\":\"ListItem\",\"position\":1,\"name\":\"Home\",\"item\":\"https:\/\/www.elea.ee\/en\/\"},{\"@type\":\"ListItem\",\"position\":2,\"name\":\"Management Board of ELFA\",\"item\":\"https:\/\/www.elea.ee\/elea-juhatus\/\"},{\"@type\":\"ListItem\",\"position\":3,\"name\":\"2000\"}]},{\"@type\":\"WebSite\",\"@id\":\"https:\/\/www.elea.ee\/en\/#website\",\"url\":\"https:\/\/www.elea.ee\/en\/\",\"name\":\"Elea\",\"description\":\"\",\"publisher\":{\"@id\":\"https:\/\/www.elea.ee\/en\/#organization\"},\"potentialAction\":[{\"@type\":\"SearchAction\",\"target\":{\"@type\":\"EntryPoint\",\"urlTemplate\":\"https:\/\/www.elea.ee\/en\/?s={search_term_string}\"},\"query-input\":{\"@type\":\"PropertyValueSpecification\",\"valueRequired\":true,\"valueName\":\"search_term_string\"}}],\"inLanguage\":\"en-US\"},{\"@type\":\"Organization\",\"@id\":\"https:\/\/www.elea.ee\/en\/#organization\",\"name\":\"Elea\",\"url\":\"https:\/\/www.elea.ee\/en\/\",\"logo\":{\"@type\":\"ImageObject\",\"inLanguage\":\"en-US\",\"@id\":\"https:\/\/www.elea.ee\/en\/#\/schema\/logo\/image\/\",\"url\":\"https:\/\/www.elea.ee\/wp-content\/uploads\/2023\/04\/logo.svg\",\"contentUrl\":\"https:\/\/www.elea.ee\/wp-content\/uploads\/2023\/04\/logo.svg\",\"width\":187,\"height\":59,\"caption\":\"Elea\"},\"image\":{\"@id\":\"https:\/\/www.elea.ee\/en\/#\/schema\/logo\/image\/\"}}]}<\/script>\n<!-- \/ Yoast SEO plugin. -->","yoast_head_json":{"title":"2000 - Elea","robots":{"index":"index","follow":"follow","max-snippet":"max-snippet:-1","max-image-preview":"max-image-preview:large","max-video-preview":"max-video-preview:-1"},"canonical":"https:\/\/www.elea.ee\/en\/management-board-of-elfa\/2000-2\/","og_locale":"en_US","og_type":"article","og_title":"2000 - Elea","og_description":"[vc_row][vc_column][vc_column_text font_color=&#8221;#1f1a17&#8243;] Chairman of the Board: Karli Lambot (Air Cargo Estonia AS) Vice-Chairman of the Board: Jaan Lepp\u00a0 (Svex Eesti AS) Members of the Board: Meelis Arumeel (Schenker \u2013 BTL AS) J\u00fcri Suursoo (ATV &amp; TAV Logistika O\u00dc) Mati K\u00e4rt (ASG ERT Eesti AS) Alar L\u00f5hmus (KLG Eesti AS) Illimar Paul (E. M. Trans AS) [&hellip;]","og_url":"https:\/\/www.elea.ee\/en\/management-board-of-elfa\/2000-2\/","og_site_name":"Elea","article_modified_time":"2023-06-20T14:41:36+00:00","twitter_card":"summary_large_image","schema":{"@context":"https:\/\/schema.org","@graph":[{"@type":"WebPage","@id":"https:\/\/www.elea.ee\/en\/management-board-of-elfa\/2000-2\/","url":"https:\/\/www.elea.ee\/en\/management-board-of-elfa\/2000-2\/","name":"2000 - Elea","isPartOf":{"@id":"https:\/\/www.elea.ee\/en\/#website"},"datePublished":"2023-06-20T14:13:43+00:00","dateModified":"2023-06-20T14:41:36+00:00","breadcrumb":{"@id":"https:\/\/www.elea.ee\/en\/management-board-of-elfa\/2000-2\/#breadcrumb"},"inLanguage":"en-US","potentialAction":[{"@type":"ReadAction","target":["https:\/\/www.elea.ee\/en\/management-board-of-elfa\/2000-2\/"]}]},{"@type":"BreadcrumbList","@id":"https:\/\/www.elea.ee\/en\/management-board-of-elfa\/2000-2\/#breadcrumb","itemListElement":[{"@type":"ListItem","position":1,"name":"Home","item":"https:\/\/www.elea.ee\/en\/"},{"@type":"ListItem","position":2,"name":"Management Board of ELFA","item":"https:\/\/www.elea.ee\/elea-juhatus\/"},{"@type":"ListItem","position":3,"name":"2000"}]},{"@type":"WebSite","@id":"https:\/\/www.elea.ee\/en\/#website","url":"https:\/\/www.elea.ee\/en\/","name":"Elea","description":"","publisher":{"@id":"https:\/\/www.elea.ee\/en\/#organization"},"potentialAction":[{"@type":"SearchAction","target":{"@type":"EntryPoint","urlTemplate":"https:\/\/www.elea.ee\/en\/?s={search_term_string}"},"query-input":{"@type":"PropertyValueSpecification","valueRequired":true,"valueName":"search_term_string"}}],"inLanguage":"en-US"},{"@type":"Organization","@id":"https:\/\/www.elea.ee\/en\/#organization","name":"Elea","url":"https:\/\/www.elea.ee\/en\/","logo":{"@type":"ImageObject","inLanguage":"en-US","@id":"https:\/\/www.elea.ee\/en\/#\/schema\/logo\/image\/","url":"https:\/\/www.elea.ee\/wp-content\/uploads\/2023\/04\/logo.svg","contentUrl":"https:\/\/www.elea.ee\/wp-content\/uploads\/2023\/04\/logo.svg","width":187,"height":59,"caption":"Elea"},"image":{"@id":"https:\/\/www.elea.ee\/en\/#\/schema\/logo\/image\/"}}]}},"_links":{"self":[{"href":"https:\/\/www.elea.ee\/en\/wp-json\/wp\/v2\/pages\/16451","targetHints":{"allow":["GET"]}}],"collection":[{"href":"https:\/\/www.elea.ee\/en\/wp-json\/wp\/v2\/pages"}],"about":[{"href":"https:\/\/www.elea.ee\/en\/wp-json\/wp\/v2\/types\/page"}],"author":[{"embeddable":true,"href":"https:\/\/www.elea.ee\/en\/wp-json\/wp\/v2\/users\/1"}],"replies":[{"embeddable":true,"href":"https:\/\/www.elea.ee\/en\/wp-json\/wp\/v2\/comments?post=16451"}],"version-history":[{"count":1,"href":"https:\/\/www.elea.ee\/en\/wp-json\/wp\/v2\/pages\/16451\/revisions"}],"predecessor-version":[{"id":16452,"href":"https:\/\/www.elea.ee\/en\/wp-json\/wp\/v2\/pages\/16451\/revisions\/16452"}],"up":[{"embeddable":true,"href":"https:\/\/www.elea.ee\/en\/wp-json\/wp\/v2\/pages\/15040"}],"wp:attachment":[{"href":"https:\/\/www.elea.ee\/en\/wp-json\/wp\/v2\/media?parent=16451"}],"curies":[{"name":"wp","href":"https:\/\/api.w.org\/{rel}","templated":true}]}}