{"id":15795,"date":"2023-05-04T13:02:18","date_gmt":"2023-05-04T13:02:18","guid":{"rendered":"https:\/\/www.elea.ee\/?page_id=15795"},"modified":"2023-05-15T13:28:51","modified_gmt":"2023-05-15T13:28:51","slug":"data-protection-conditions","status":"publish","type":"page","link":"https:\/\/www.elea.ee\/en\/data-protection-conditions\/","title":{"rendered":"Data protection conditions"},"content":{"rendered":"<div class=\"wpb-content-wrapper\"><p>[vc_row][vc_column][vc_column_text font_color=&#8221;#1f1a17&#8243;]<\/p>\n<h3>EESTI LOGISTIKA JA EKSPEDEERIMISE ASSOTSIATSIOONI (ELEA) ANDMEKAITSETINGIMUSED<\/h3>\n<p>Meie teenuseid kasutades usaldate meile oma isikuandmed. Suhtume andmete privaatsusesse t\u00f5siselt ja kogume neid \u00fcksnes selleks, et vahendada asjakohast ettev\u00f5tlust edendavat informatsiooni ettev\u00f5ttele, keda esindate ja ainult selles ulatuses, mis on vajalikud meie teenuste kasutamiseks. Me t\u00f6\u00f6tleme isikuandmeid vastavuses EU Isikuandmete kaitse \u00fcldm\u00e4\u00e4rusega (GDPR, EU 2016\/679) ja Eesti Vabariigi seadustega. Eesti Logistika ja Ekspedeerimise Assotsiatsioon (ELEA) ei t\u00f6\u00f6tle \u00fcldm\u00e4\u00e4ruses defineeritud tundlikke isikuandmeid.<\/p>\n<p>Meie andmekaitsetingimused selgitavad, kuidas ja miks me isikuandmeid kogume ja t\u00f6\u00f6tleme.<\/p>\n<ol>\n<li><strong>Milliseid isikuandmeid me kogume?<\/strong><\/li>\n<\/ol>\n<p>Teenuste osutamiseks kogume isikuandmeid j\u00e4rgmisel kahel viisil:<\/p>\n<p><strong>Andmed, mis te meile esitate<\/strong><\/p>\n<p>N\u00e4iteks, kui tellite ELEA-lt teenuseid v\u00f5i soovite infot, siis v\u00f5ite esitada andmeid nagu: ettev\u00f5tte kontaktisiku ees- ja perekonnanimi, ettev\u00f5te, ametikoht, telefon ja e-posti aadress.<\/p>\n<p><strong>Andmed, mille me saame teilt meie teenuste kasutamise k\u00e4igus<\/strong><\/p>\n<p>Teenuste kasutamisest l\u00e4htuvalt kogume j\u00e4rgmiseid andmeid nagu: registreerumise v\u00f5i taotluse esitamise aeg, IP aadress, k\u00fcpsiste info.<\/p>\n<ol start=\"2\">\n<li><strong>Miks me isikuandmeid kogume ja t\u00f6\u00f6tleme?<\/strong><\/li>\n<\/ol>\n<p>Meie teenuste osutamiseks on vajalik teie ettev\u00f5ttega seotud isikuandmete t\u00f6\u00f6tlemine. Isikuandmete t\u00f6\u00f6tlemiseta ei ole v\u00f5imalik teile soovitud teenust vahendada ning t\u00e4ita sellega seonduvaid kohustusi. Meie teenuste kasutamiseks on vajalik teie n\u00f5usolek isikuandmete t\u00f6\u00f6tlemiseks kirjeldatud eesm\u00e4rkidel. Kasutame k\u00f5ikidelt teenustelt kogutud andmeid teenuste pakkumiseks, haldamiseks, kaitsmiseks ja t\u00e4iustamiseks ning uute teenuste arendamiseks.<\/p>\n<p>Enne andmete kasutamist muudel kui meie andmekaitsetingimustes m\u00e4\u00e4ratud eesm\u00e4rkidel, k\u00fcsime teie selges\u00f5nalist n\u00f5usolekut.<\/p>\n<p>Uudiskirjade tellimine toimub andmesubjekti n\u00f5usolekul.<\/p>\n<p>Isikuandmete t\u00f6\u00f6tlemise eesm\u00e4rgid on:<br \/>\n\u2013 meie teenuste k\u00e4ttetoimetamine, hooldamine ja arendamine;<br \/>\n\u2013 meie lepinguliste suhete ja muude kohustuste t\u00e4itmine;<br \/>\n\u2013 meie lepinguliste ja seadustest tulenevate \u00f5iguste tagamine ja kaitsmine;<br \/>\n\u2013 kliendisuhete haldamine ja klientidega suhtlemine;<br \/>\n\u2013 \u00fcrituste korraldamine.<\/p>\n<ol start=\"3\">\n<li><strong>Kellele andmeid edastatakse?<\/strong><\/li>\n<\/ol>\n<p>Me k\u00e4sitleme t\u00f6\u00f6deldavaid isikuandmeid konfidentsiaalsetena ja edastame neid teistele isikutele v\u00f5i ettev\u00f5tetele (ehk vastuv\u00f5tjatele) ainult teenuse osutamiseks vajalikus ulatuses.<\/p>\n<p>Me ei jaga isikuandmeid ettev\u00f5tete, organisatsioonide ja isikutega meie ettev\u00f5ttest v\u00e4ljaspool, v.a j\u00e4rgmistel juhtudel:<\/p>\n<ul>\n<li>Partnerotsingud, kus kajastatakse vaid ELEA liikmeskonna ettev\u00f5tteid avalike ja piiratud andmetega.<\/li>\n<li>Isiku n\u00f5usolekuta v\u00f5ib edastada tema isikuandmeid asutusele v\u00f5i isikule, kellel on selleks otsene seadusest tulenev \u00f5igus koosk\u00f5las andmekaitset k\u00e4sitlevate \u00f5igusaktidega.<\/li>\n<li>ELEA-ga seotud \u00fchinemise v\u00f5i omandamise korral v\u00f5idakse isikuandmeid edastada kolmandatele isikutele, kes on seotud \u00fchinemise v\u00f5i omandamisega.<\/li>\n<li>Juhul kui kasutame v\u00e4liseid teenuseosutajaid, kes osutavad meile teenuseid. N\u00e4iteks veebilehe teenuse v\u00f5i majutuse pakkujad, turundusteenuse pakkujad ja IT-toe teenuse osutajad. Selliste teenuste osutamisel v\u00f5ib v\u00e4listel teenuseosutajatel olla juurdep\u00e4\u00e4s teie isikuandmetele ja\/v\u00f5i nad v\u00f5ivad neid t\u00f6\u00f6delda. N\u00f5uame, et need v\u00e4lised teenuseosutajad rakendaksid ja kohaldaksid turvameetmeid, et tagada teie isikuandmete puutumatus ja turvalisus.<\/li>\n<li>Kui olete andnud oma selges\u00f5nalise n\u00f5usoleku isikuandmete edastamiseks konkreetsele vastuv\u00f5tjale.<\/li>\n<li>ELEA on isikuandmete vastutav t\u00f6\u00f6tleja.<\/li>\n<\/ul>\n<ol start=\"4\">\n<li><strong>Isikuandmete edastamine v\u00e4ljaspool ELi<\/strong><\/li>\n<\/ol>\n<p>K\u00e4sitleme t\u00f6\u00f6deldavaid isikuandmeid konfidentsiaalsetena ja edastame neid teistele isikutele v\u00f5i ettev\u00f5tetele (ehk vastuv\u00f5tjatele) ainult teenuse osutamiseks vajalikus ulatuses.<\/p>\n<p>Reeglina t\u00f6\u00f6tleme kliendiandmeid Euroopa Liidu\/Euroopa Majanduspiirkonna piires. ELEA v\u00f5ib edastada v\u00f5i t\u00f6\u00f6delda isikuandmeid v\u00e4ljaspool Euroopa Liidu\/Euroopa Majanduspiirkonna piire, kui selleks on olemas \u00f5iguslik alus, nt juriidilise kohustuse t\u00e4itmine v\u00f5i kliendi n\u00f5usolek ning rakendatakse asjakohaseid kaitsemeetmeid: on olemas leping, mis sisaldab isikuandmete kaitse \u00fcldm\u00e4\u00e4rusele vastavaid t\u00fc\u00fcptingimusi, heakskiidetud toimimisjuhendeid, sertifitseerimisi vms; riigis, kus vastuv\u00f5tja asub, on piisav andmekaitse tase vastavalt Euroopa Komisjoni otsusele; vastuv\u00f5tja on sertifitseeritud andmekaitseraamistiku Privacy Shield alusel.<\/p>\n<ol start=\"5\">\n<li><strong>Andmete turvalisus<\/strong><\/li>\n<\/ol>\n<p>T\u00f6\u00f6tame selle nimel, et kaitsta teie andmeid volitamata juurdep\u00e4\u00e4su eest vo\u0303i selle volitamata muutmise, avalikustamise vo\u0303i rikkumise eest.<\/p>\n<p>Isikuandmeid hoitakse serverites, mis asuvad Euroopa Liidu liikmesriigi v\u00f5i Euroopa Liidu majanduspiirkonnaga liitunud riikide territooriumil.<\/p>\n<p>Juurdep\u00e4\u00e4s isikuandmeid sisaldavatele s\u00fcsteemidele on lubatud ainult nendele meie t\u00f6\u00f6tajatele, kes oma t\u00f6\u00f6\u00fclesannetest tulenevalt peavad t\u00f6\u00f6tlema andmesubjektide andmeid. Igal kasutajal on s\u00fcsteemi sisenemiseks personaalne kasutajanimi ja salas\u00f5na. Andmeid kogutakse andmebaasidesse, mis on kaitstud tulem\u00fc\u00fcride, paroolide ja muude tehniliste meetmete abil. Andmebaase ja nendest tehtud varukoopiaid hoitakse lukustatud ruumides ja neile on ligip\u00e4\u00e4s ainult selleks eelnevalt volitatud isikutel.<\/p>\n<p>S\u00e4ilitame isikuandmeid nii kaua kui see on vajalik, v\u00f5ttes arvesse isikuandmete t\u00f6\u00f6tlemise eesm\u00e4rki.<\/p>\n<p>Kuigi kasutame rangeid turvalisuse reegleid nende isikuandmete kohta, mis on meie keskkonda j\u00f5udnud, tuleb m\u00e4rkida, et internet ei ole kunagi t\u00e4iesti turvaline ja me ei saa garanteerida teie poolt saadetud andmete turvalist edastust meieni. Andmete saatmise turvalisus on alati teie enda risk.<\/p>\n<ol start=\"6\">\n<li><strong>Millised \u00f5igused teil on ja kuidas saate neid kasutada?<\/strong><\/li>\n<\/ol>\n<p>Kui olete avaldanud n\u00f5usoleku oma isikuandmete teatud viisil kogumiseks, t\u00f6\u00f6tlemiseks ja kasutamiseks, v\u00f5ite selle n\u00f5usoleku tulevikus igal ajal tagasi v\u00f5tta.<\/p>\n<p>Koosk\u00f5las kohalduvate andmekaitset k\u00e4sitlevate \u00f5igusaktidega on teil \u00f5igus:<\/p>\n<ul>\n<li>Taotleda juurdep\u00e4\u00e4su oma isikuandmetele.<\/li>\n<li>Taotleda oma isikuandmete parandamist.<\/li>\n<li>Taotleda oma isikuandmete kustutamist.<\/li>\n<li>Taotleda oma isikuandmete t\u00f6\u00f6tlemise piiramist.<\/li>\n<li>Taotleda oma isikuandmete \u00fclekandmist.<\/li>\n<li>Taotleda oma isikuandmete t\u00f6\u00f6tlemise n\u00f5usoleku tagasiv\u00f5tmist.<\/li>\n<li>Avaldada vastuseisu automatiseeritud otsuste tegemisele (sealhulgas profileerimisele).<\/li>\n<li>Esitada kaebus andmekaitse j\u00e4relevalveasutusele.<\/li>\n<\/ul>\n<p>Taotlus peab v\u00f5imaldama teie isikut \u00fcheselt identifitseerida. Teil on \u00f5igus oma n\u00f5usolek igal ajal tagasi v\u00f5tta. N\u00f5usoleku tagasiv\u00f5tmine ei m\u00f5juta enne tagasiv\u00f5tmist n\u00f5usoleku alusel toimunud t\u00f6\u00f6tlemise seaduslikkust. Vastavad taotlused tuleb esitada (sh n\u00f5usoleku tagasiv\u00f5tmine) ELEA e-posti aadressil elea [at] elea.ee.<\/p>\n<p>Palun arvestage, et saate n\u00f5uda oma isikuandmete kustutamist, t\u00f6\u00f6tlemisele piirangu seadmist vm ainult juhul, kui see on koosk\u00f5las seadusliku alusega ja andmekaitset k\u00e4sitlevate \u00f5igusaktidega.<\/p>\n<p>Juhul, kui taotlete isikuandmete t\u00f6\u00f6tlemise piirangut, peatamist v\u00f5i andmete kustutamist, v\u00f5ib see meie poolt teile osutatavad teenused kas osaliselt v\u00f5i t\u00e4ielikult peatada.<\/p>\n<p>Kaebuste korral on teil \u00f5igus esitada kaebus p\u00e4devale andmekaitseasutusele. Teeme koost\u00f6\u00f6d vastavate reguleerivate asutustega, sh kohalike andmekaitseasutustega, et lahendada isikuandmete edastusega seotud kaebusi.<\/p>\n<ol start=\"7\">\n<li><strong>Kui kaua s\u00e4ilitame teie isikuandmeid?<\/strong><\/li>\n<\/ol>\n<p>Teie isikuandmeid s\u00e4ilitatakse nii kaua, kui see on vajalik teile soovitud teenuste osutamiseks. Kui isikuandmeid ei ole kasutatud j\u00e4rjest 7 aasta jooksul, siis kustutame teie isikuandmed v\u00f5i muudame teie isikuandmed anon\u00fc\u00fcmseks, v\u00e4lja arvatud juhul, kui kohalduvad kohustuslikud s\u00e4ilitamisn\u00f5uded.<\/p>\n<p>Meil v\u00f5ib olla kohalduvatest seadustest tulenev n\u00f5ue s\u00e4ilitada osasid teie isikuandmeid 10 aastat. Seda p\u00e4rast meie poolt osutatud teenuse kasutamise l\u00f5ppu, kui teie isikuandmeid on vaja teiste kohalduvate seaduste t\u00e4itmiseks v\u00f5i kui vajame teie isikuandmeid selleks, et kaitsta, luua ja teostada \u00f5iguslikke n\u00f5udeid ainult teadmisvajaduse alusel.<\/p>\n<p>Isikustamata kogutud andmeid s\u00e4ilitatakse t\u00e4htajatult.<\/p>\n<ol start=\"8\">\n<li><strong>Andmekaitsetingimused ja muudatused<\/strong><\/li>\n<\/ol>\n<p>Eesti Logistika ja Ekspedeerimise Assotsiatsioon (ELEA) teenuseid kasutades olete k\u00e4esolevate p\u00f5him\u00f5tete ja tingimustega tutvunud ning nendega n\u00f5ustunud.<\/p>\n<p>Meie andmekaitsetingimused v\u00f5ivad aeg-ajalt muutuda. Me ei v\u00e4henda teie andmekaitsetingimustest tulenevaid \u00f5igusi ilma teie selges\u00f5nalise n\u00f5usolekuta. Postitame teate andmekaitsetingimuste mis tahes muudatustest sellel lehel ja suuremate muudatuste korral edastame t\u00e4psema teate.<\/p>\n<ol start=\"9\">\n<li><strong>K\u00dcPSISED ELEA.EE VEEBILEHEL<\/strong><\/li>\n<\/ol>\n<p>Sarnaselt enamikele veebilehtedele, kasutame ka meie \u201ek\u00fcpsisteks\u201c kutsutavaid tekstifaile, mille eesm\u00e4rk on aidata meil oma teenust arendada.<\/p>\n<p>Meie veebisaidi edasise kasutamisega annate oma n\u00f5usoleku k\u00fcpsiste kasutamiseks vastavalt siinkohal toodud kirjeldusele, v\u00e4lja arvatud juhul, kui olete oma veebilehitseja seadistanud k\u00fcpsiseid mitte vastu v\u00f5tma.<\/p>\n<p>Mis on k\u00fcpsised?<\/p>\n<p>K\u00fcpsis on v\u00e4ike tekstifail, mida teie veebilehitseja salvestab teie arvutisse ja mis laseb veebilehel meeles pidada kasutaja eelistusi.<\/p>\n<p>Meie kasutatavad k\u00fcpsised<\/p>\n<ul>\n<li>Alusk\u00fcpsised on meie veebisaidi toimimiseks vajalikud. Nende hulgas on n\u00e4iteks k\u00fcpsised, mis v\u00f5imaldavad teil sooritada hinnap\u00e4ringut.<\/li>\n<li>Anal\u00fc\u00fcsik\u00fcpsised lasevad meil k\u00fclastajaid \u00e4ra tunda ja loendada ning n\u00e4ha, kuidas nad saiti kasutades sellel liiguvad. See aitab meil oma veebisaidi toimimist parandada, n\u00e4iteks aidates\u00a0kasutajatel otsitavat h\u00f5lpsasti leida.<\/li>\n<li>Talitlusk\u00fcpsised aitavad meil teid \u00e4ra tunda, kui te meie veebisaidile naasete. Nende abil saame oma sisu teie j\u00e4rgi isikup\u00e4rastada ja teie eelistused meelde j\u00e4tta: n\u00e4iteks teie keele v\u00f5i piirkonna valiku.<\/li>\n<\/ul>\n<p>Kasutatavate k\u00fcpsiste t\u00e4psem kirjeldus<\/p>\n<table style=\"width: 87.5552%; height: 288px;\" width=\"643\">\n<thead>\n<tr style=\"height: 48px;\">\n<td style=\"height: 48px;\" width=\"103\"><strong>K\u00fcpsiste nimed<\/strong><\/td>\n<td style=\"height: 48px;\" width=\"349\"><strong>Otstarve<\/strong><\/td>\n<td style=\"height: 48px;\" width=\"191\"><strong>Millal need k\u00fcpsised kehtivuse kaotavad?<\/strong><\/td>\n<\/tr>\n<\/thead>\n<tbody>\n<tr style=\"height: 24px;\">\n<td style=\"height: 24px;\" colspan=\"3\" width=\"643\">elea.ee\u00a0alus- ja talitlusk\u00fcpsised<\/td>\n<\/tr>\n<tr style=\"height: 48px;\">\n<td style=\"height: 48px;\" width=\"103\"><em>_session<\/em><\/td>\n<td style=\"height: 48px;\" width=\"349\">Vajalik kasutajasessiooni hoidmiseks ostu sooritamise ajal.<\/td>\n<td style=\"height: 48px;\" width=\"191\">Kuni veebibrauseri sulgemiseni.<\/td>\n<\/tr>\n<tr style=\"height: 48px;\">\n<td style=\"height: 48px;\" width=\"103\"><em>XSRF-TOKEN<\/em><\/td>\n<td style=\"height: 48px;\" width=\"349\">Turvalisuse tagamiseks p\u00e4ringuv\u00f5ltsingute (<em>cross-site request forgery<\/em>, CSRF) eest.<\/td>\n<td style=\"height: 48px;\" width=\"191\">\u00dcks \u00f6\u00f6p\u00e4ev.<\/td>\n<\/tr>\n<tr style=\"height: 24px;\">\n<td style=\"height: 24px;\" colspan=\"3\" width=\"643\">Google Analytics anal\u00fc\u00fcsik\u00fcpsised<\/td>\n<\/tr>\n<tr style=\"height: 24px;\">\n<td style=\"height: 24px;\" width=\"103\"><em>_ga<\/em><\/td>\n<td style=\"height: 24px;\" width=\"349\">Erinevate veebilehe k\u00fclastajate eristamiseks.<\/td>\n<td style=\"height: 24px;\" width=\"191\">Kaks aastat.<\/td>\n<\/tr>\n<tr style=\"height: 24px;\">\n<td style=\"height: 24px;\" width=\"103\"><em>_gid<\/em><\/td>\n<td style=\"height: 24px;\" width=\"349\">Erinevate veebilehe k\u00fclastajate eristamiseks.<\/td>\n<td style=\"height: 24px;\" width=\"191\">\u00dcks \u00f6\u00f6p\u00e4ev.<\/td>\n<\/tr>\n<tr style=\"height: 48px;\">\n<td style=\"height: 48px;\" width=\"103\"><em>_gat<\/em><br \/>\n<em>_gat_organizer<\/em><\/td>\n<td style=\"height: 48px;\" width=\"349\">Erinevate veebilehe k\u00fclastajate eristamiseks.<\/td>\n<td style=\"height: 48px;\" width=\"191\">\u00dcks minut.<\/td>\n<\/tr>\n<tr>\n<td><em>wordpress_test_cookie<\/em><\/td>\n<td>WordPressi sisuhalduss\u00fcsteemi k\u00fcpsis, mille eesm\u00e4rk on kontrollida, kas veebisirvija toetab k\u00fcpsiste paigaldamist.<\/td>\n<td>Kuni veebibrauseri sulgemiseni.<\/td>\n<\/tr>\n<tr>\n<td><em>wordpress_xxxxx<\/em><\/td>\n<td>WordPressi sisuhalduss\u00fcsteemi k\u00fcpsis, mida kasutatakse kr\u00fcptitud sisselogimisandmete kaitseks.<\/td>\n<td>Kuni veebibrauseri sulgemiseni.<\/td>\n<\/tr>\n<tr>\n<td><em>wordpress_logged_in_xxxxx<\/em><\/td>\n<td>WordPressi sisuhalduss\u00fcsteemi k\u00fcpsis, mida kasutatakse veebisaidi sisse logitud kasutaja ja tema sisselogimisaja tuvastamiseks.<\/td>\n<td>Kuni veebibrauseri sulgemiseni.<\/td>\n<\/tr>\n<tr>\n<td><em>wp-settings-xxxxx,wp-settings-time-xxxxx<\/em><\/td>\n<td>WordPressi sisuhalduss\u00fcsteemi k\u00fcpsis, mida kasutatakse kasutaja WP-admini konfiguratsiooni ja sisselogimisaja salvestamiseks.<\/td>\n<td>\u00dcks aasta.<\/td>\n<\/tr>\n<\/tbody>\n<\/table>\n<p>&nbsp;<\/p>\n<p>Te saate k\u00fcpsiste kasutamise blokeerida, kui aktiveerite oma veebilehitseja seaded, mis v\u00f5imaldavad teil keelduda k\u00f5ikide v\u00f5i osa k\u00fcpsiste seadistamisest. Kui te aga blokeerite oma veebilehitseja seadete abil k\u00f5ik k\u00fcpsised, ei pruugi te meie veebisaidile v\u00f5i m\u00f5nele selle osale juurde p\u00e4\u00e4seda.<\/p>\n<ol start=\"10\">\n<li><strong>Kellega Te peaksite \u00fchendust v\u00f5tma?<\/strong><\/li>\n<\/ol>\n<p>Kui teil on andmekaitsetingimustega seotud muresid v\u00f5i k\u00fcsimusi, v\u00f5tke meiega palun \u00fchendust:<\/p>\n<p>Eesti Logistika ja Ekspedeerimise Assotsiatsioon (ELEA), Peterburi tee 46-502, Tallinn, 11415, Eesti<\/p>\n<p>elea [at] elea.ee<\/p>\n<ol start=\"11\">\n<li><strong>K\u00e4esolevate andmekaitsetingimuste v\u00f5imalikud muudatused<\/strong><\/li>\n<\/ol>\n<p>Juhul kui peaksime k\u00e4esolevaid andmekaitsetingimusi muutma, lisame meie veebisaidile muudetud andmekaitsetingimused koos viitega muudatuse j\u00f5ustumise kuup\u00e4evale. Juhul kui muudatused on olulised, v\u00f5ime Teid ka sellest teavitada muul viisil, n\u00e4iteks saates e-kirja v\u00f5i avaldades ametliku teavituse meie kodulehel.<\/p>\n<p>Soovitame Teil aeg-ajalt andmekaitsetingimusi \u00fcle vaadata, et olla kursis v\u00f5imalike tehtud muudatustega.<\/p>\n<p>Viimati muudetud: 26. aprill 2023[\/vc_column_text][\/vc_column][\/vc_row]<\/p>\n<\/div>","protected":false},"excerpt":{"rendered":"<p>[vc_row][vc_column][vc_column_text font_color=&#8221;#1f1a17&#8243;] EESTI LOGISTIKA JA EKSPEDEERIMISE ASSOTSIATSIOONI (ELEA) ANDMEKAITSETINGIMUSED Meie teenuseid kasutades usaldate meile oma isikuandmed. Suhtume andmete privaatsusesse t\u00f5siselt ja kogume neid \u00fcksnes selleks, et vahendada asjakohast ettev\u00f5tlust edendavat informatsiooni ettev\u00f5ttele, keda esindate ja ainult selles ulatuses, mis on vajalikud meie teenuste kasutamiseks. Me t\u00f6\u00f6tleme isikuandmeid vastavuses EU Isikuandmete kaitse \u00fcldm\u00e4\u00e4rusega (GDPR, EU 2016\/679) [&hellip;]<\/p>\n","protected":false},"author":3,"featured_media":0,"parent":0,"menu_order":0,"comment_status":"closed","ping_status":"closed","template":"","meta":{"_acf_changed":false,"footnotes":""},"class_list":["post-15795","page","type-page","status-publish","hentry"],"acf":[],"yoast_head":"<!-- This site is optimized with the Yoast SEO plugin v26.6 - https:\/\/yoast.com\/wordpress\/plugins\/seo\/ -->\n<title>Data protection conditions - Elea<\/title>\n<meta name=\"robots\" content=\"index, follow, max-snippet:-1, max-image-preview:large, max-video-preview:-1\" \/>\n<link rel=\"canonical\" href=\"https:\/\/www.elea.ee\/en\/data-protection-conditions\/\" \/>\n<meta property=\"og:locale\" content=\"en_US\" \/>\n<meta property=\"og:type\" content=\"article\" \/>\n<meta property=\"og:title\" content=\"Data protection conditions - Elea\" \/>\n<meta property=\"og:description\" content=\"[vc_row][vc_column][vc_column_text font_color=&#8221;#1f1a17&#8243;] EESTI LOGISTIKA JA EKSPEDEERIMISE ASSOTSIATSIOONI (ELEA) ANDMEKAITSETINGIMUSED Meie teenuseid kasutades usaldate meile oma isikuandmed. Suhtume andmete privaatsusesse t\u00f5siselt ja kogume neid \u00fcksnes selleks, et vahendada asjakohast ettev\u00f5tlust edendavat informatsiooni ettev\u00f5ttele, keda esindate ja ainult selles ulatuses, mis on vajalikud meie teenuste kasutamiseks. Me t\u00f6\u00f6tleme isikuandmeid vastavuses EU Isikuandmete kaitse \u00fcldm\u00e4\u00e4rusega (GDPR, EU 2016\/679) [&hellip;]\" \/>\n<meta property=\"og:url\" content=\"https:\/\/www.elea.ee\/en\/data-protection-conditions\/\" \/>\n<meta property=\"og:site_name\" content=\"Elea\" \/>\n<meta property=\"article:modified_time\" content=\"2023-05-15T13:28:51+00:00\" \/>\n<meta name=\"twitter:card\" content=\"summary_large_image\" \/>\n<meta name=\"twitter:label1\" content=\"Est. reading time\" \/>\n\t<meta name=\"twitter:data1\" content=\"8 minutes\" \/>\n<script type=\"application\/ld+json\" class=\"yoast-schema-graph\">{\"@context\":\"https:\/\/schema.org\",\"@graph\":[{\"@type\":\"WebPage\",\"@id\":\"https:\/\/www.elea.ee\/en\/data-protection-conditions\/\",\"url\":\"https:\/\/www.elea.ee\/en\/data-protection-conditions\/\",\"name\":\"Data protection conditions - Elea\",\"isPartOf\":{\"@id\":\"https:\/\/www.elea.ee\/en\/#website\"},\"datePublished\":\"2023-05-04T13:02:18+00:00\",\"dateModified\":\"2023-05-15T13:28:51+00:00\",\"breadcrumb\":{\"@id\":\"https:\/\/www.elea.ee\/en\/data-protection-conditions\/#breadcrumb\"},\"inLanguage\":\"en-US\",\"potentialAction\":[{\"@type\":\"ReadAction\",\"target\":[\"https:\/\/www.elea.ee\/en\/data-protection-conditions\/\"]}]},{\"@type\":\"BreadcrumbList\",\"@id\":\"https:\/\/www.elea.ee\/en\/data-protection-conditions\/#breadcrumb\",\"itemListElement\":[{\"@type\":\"ListItem\",\"position\":1,\"name\":\"Home\",\"item\":\"https:\/\/www.elea.ee\/en\/\"},{\"@type\":\"ListItem\",\"position\":2,\"name\":\"Data protection conditions\"}]},{\"@type\":\"WebSite\",\"@id\":\"https:\/\/www.elea.ee\/en\/#website\",\"url\":\"https:\/\/www.elea.ee\/en\/\",\"name\":\"Elea\",\"description\":\"\",\"publisher\":{\"@id\":\"https:\/\/www.elea.ee\/en\/#organization\"},\"potentialAction\":[{\"@type\":\"SearchAction\",\"target\":{\"@type\":\"EntryPoint\",\"urlTemplate\":\"https:\/\/www.elea.ee\/en\/?s={search_term_string}\"},\"query-input\":{\"@type\":\"PropertyValueSpecification\",\"valueRequired\":true,\"valueName\":\"search_term_string\"}}],\"inLanguage\":\"en-US\"},{\"@type\":\"Organization\",\"@id\":\"https:\/\/www.elea.ee\/en\/#organization\",\"name\":\"Elea\",\"url\":\"https:\/\/www.elea.ee\/en\/\",\"logo\":{\"@type\":\"ImageObject\",\"inLanguage\":\"en-US\",\"@id\":\"https:\/\/www.elea.ee\/en\/#\/schema\/logo\/image\/\",\"url\":\"https:\/\/www.elea.ee\/wp-content\/uploads\/2023\/04\/logo.svg\",\"contentUrl\":\"https:\/\/www.elea.ee\/wp-content\/uploads\/2023\/04\/logo.svg\",\"width\":187,\"height\":59,\"caption\":\"Elea\"},\"image\":{\"@id\":\"https:\/\/www.elea.ee\/en\/#\/schema\/logo\/image\/\"}}]}<\/script>\n<!-- \/ Yoast SEO plugin. -->","yoast_head_json":{"title":"Data protection conditions - Elea","robots":{"index":"index","follow":"follow","max-snippet":"max-snippet:-1","max-image-preview":"max-image-preview:large","max-video-preview":"max-video-preview:-1"},"canonical":"https:\/\/www.elea.ee\/en\/data-protection-conditions\/","og_locale":"en_US","og_type":"article","og_title":"Data protection conditions - Elea","og_description":"[vc_row][vc_column][vc_column_text font_color=&#8221;#1f1a17&#8243;] EESTI LOGISTIKA JA EKSPEDEERIMISE ASSOTSIATSIOONI (ELEA) ANDMEKAITSETINGIMUSED Meie teenuseid kasutades usaldate meile oma isikuandmed. Suhtume andmete privaatsusesse t\u00f5siselt ja kogume neid \u00fcksnes selleks, et vahendada asjakohast ettev\u00f5tlust edendavat informatsiooni ettev\u00f5ttele, keda esindate ja ainult selles ulatuses, mis on vajalikud meie teenuste kasutamiseks. Me t\u00f6\u00f6tleme isikuandmeid vastavuses EU Isikuandmete kaitse \u00fcldm\u00e4\u00e4rusega (GDPR, EU 2016\/679) [&hellip;]","og_url":"https:\/\/www.elea.ee\/en\/data-protection-conditions\/","og_site_name":"Elea","article_modified_time":"2023-05-15T13:28:51+00:00","twitter_card":"summary_large_image","twitter_misc":{"Est. reading time":"8 minutes"},"schema":{"@context":"https:\/\/schema.org","@graph":[{"@type":"WebPage","@id":"https:\/\/www.elea.ee\/en\/data-protection-conditions\/","url":"https:\/\/www.elea.ee\/en\/data-protection-conditions\/","name":"Data protection conditions - Elea","isPartOf":{"@id":"https:\/\/www.elea.ee\/en\/#website"},"datePublished":"2023-05-04T13:02:18+00:00","dateModified":"2023-05-15T13:28:51+00:00","breadcrumb":{"@id":"https:\/\/www.elea.ee\/en\/data-protection-conditions\/#breadcrumb"},"inLanguage":"en-US","potentialAction":[{"@type":"ReadAction","target":["https:\/\/www.elea.ee\/en\/data-protection-conditions\/"]}]},{"@type":"BreadcrumbList","@id":"https:\/\/www.elea.ee\/en\/data-protection-conditions\/#breadcrumb","itemListElement":[{"@type":"ListItem","position":1,"name":"Home","item":"https:\/\/www.elea.ee\/en\/"},{"@type":"ListItem","position":2,"name":"Data protection conditions"}]},{"@type":"WebSite","@id":"https:\/\/www.elea.ee\/en\/#website","url":"https:\/\/www.elea.ee\/en\/","name":"Elea","description":"","publisher":{"@id":"https:\/\/www.elea.ee\/en\/#organization"},"potentialAction":[{"@type":"SearchAction","target":{"@type":"EntryPoint","urlTemplate":"https:\/\/www.elea.ee\/en\/?s={search_term_string}"},"query-input":{"@type":"PropertyValueSpecification","valueRequired":true,"valueName":"search_term_string"}}],"inLanguage":"en-US"},{"@type":"Organization","@id":"https:\/\/www.elea.ee\/en\/#organization","name":"Elea","url":"https:\/\/www.elea.ee\/en\/","logo":{"@type":"ImageObject","inLanguage":"en-US","@id":"https:\/\/www.elea.ee\/en\/#\/schema\/logo\/image\/","url":"https:\/\/www.elea.ee\/wp-content\/uploads\/2023\/04\/logo.svg","contentUrl":"https:\/\/www.elea.ee\/wp-content\/uploads\/2023\/04\/logo.svg","width":187,"height":59,"caption":"Elea"},"image":{"@id":"https:\/\/www.elea.ee\/en\/#\/schema\/logo\/image\/"}}]}},"_links":{"self":[{"href":"https:\/\/www.elea.ee\/en\/wp-json\/wp\/v2\/pages\/15795","targetHints":{"allow":["GET"]}}],"collection":[{"href":"https:\/\/www.elea.ee\/en\/wp-json\/wp\/v2\/pages"}],"about":[{"href":"https:\/\/www.elea.ee\/en\/wp-json\/wp\/v2\/types\/page"}],"author":[{"embeddable":true,"href":"https:\/\/www.elea.ee\/en\/wp-json\/wp\/v2\/users\/3"}],"replies":[{"embeddable":true,"href":"https:\/\/www.elea.ee\/en\/wp-json\/wp\/v2\/comments?post=15795"}],"version-history":[{"count":1,"href":"https:\/\/www.elea.ee\/en\/wp-json\/wp\/v2\/pages\/15795\/revisions"}],"predecessor-version":[{"id":15796,"href":"https:\/\/www.elea.ee\/en\/wp-json\/wp\/v2\/pages\/15795\/revisions\/15796"}],"wp:attachment":[{"href":"https:\/\/www.elea.ee\/en\/wp-json\/wp\/v2\/media?parent=15795"}],"curies":[{"name":"wp","href":"https:\/\/api.w.org\/{rel}","templated":true}]}}