{"id":15389,"date":"2023-05-01T20:50:44","date_gmt":"2023-05-01T20:50:44","guid":{"rendered":"https:\/\/www.elea.ee\/?page_id=15389"},"modified":"2024-07-05T07:06:55","modified_gmt":"2024-07-05T07:06:55","slug":"law-and-regulations","status":"publish","type":"page","link":"https:\/\/www.elea.ee\/en\/law-and-regulations\/","title":{"rendered":"Law and regulations"},"content":{"rendered":"<div class=\"wpb-content-wrapper\"><p>[vc_row][vc_column][vc_column_text css=&#8221;&#8221; font_color=&#8221;#1f1a17&#8243;]Link Elektroonilise Riigi Teataja lehele. Viide: <a href=\"https:\/\/www.riigiteataja.ee\/index.html\">https:\/\/www.riigiteataja.ee\/index.html<\/a>\u00dcRO rahvusvahelised transpordialased konventsioonid ja kokkulepped.<br \/>\nViide: <a href=\"https:\/\/unece.org\/list-agreements\">https:\/\/unece.org\/list-agreements<\/a><\/p>\n<p>1. Auto, mootorratta, mopeedi ja nende haagiste t\u00fc\u00fcbikinnituse, \u00fcksiks\u00f5iduki kinnituse ja \u00fcmberehituse tingimused, n\u00f5uded ja kord:<\/p>\n<p>Viide: <a href=\"https:\/\/www.riigiteataja.ee\/akt\/108062011002?leiaKehtiv\">https:\/\/www.riigiteataja.ee\/akt\/108062011002?leiaKehtiv<\/a><\/p>\n<p>2. Autoveoseadus (l\u00fchend &#8211; AutoVS)<\/p>\n<p>Viide:<a href=\"https:\/\/www.riigiteataja.ee\/akt\/122032022012\">https:\/\/www.riigiteataja.ee\/akt\/122032022012<\/a><\/p>\n<p>3. Veose paigutamise, kinnitamise ja katmise tingimused ja kord ning liiklusj\u00e4relevalve teostaja kasutatavad kontrollimise meetodid<sup>1<\/sup> Vastu v\u00f5etud 16.08.2019 j\u00f5ustumine 26.08.2019<\/p>\n<p>Link <a href=\"https:\/\/www.riigiteataja.ee\/akt\/123082019002?leiaKehtiv\">https:\/\/www.riigiteataja.ee\/akt\/123082019002?leiaKehtiv<\/a><\/p>\n<p>4. Autojuhi ameti- ja t\u00e4ienduskoolituse kord, koolituse \u00f5ppekavad, n\u00f5uded autojuhi koolituse korraldamise \u00f5ppekavale ja \u00f5ppekava koostamisele, n\u00f5uded autojuhi teadmistele ja oskustele ning p\u00e4devustunnistuse vorm<sup>1<\/sup> Vastu v\u00f5etud 06.06.2018 nr 29<\/p>\n<p>Link: <a href=\"https:\/\/www.riigiteataja.ee\/akt\/112062018009\">https:\/\/www.riigiteataja.ee\/akt\/112062018009<\/a><\/p>\n<p>5. Alkoholi-, tubaka-, k\u00fctuse- ja elektriaktsiisi seadus (l\u00fchend &#8211; ATKEAS)<\/p>\n<p>Viide: <a href=\"https:\/\/www.riigiteataja.ee\/akt\/13279879?leiaKehtiv\">https:\/\/www.riigiteataja.ee\/akt\/13279879?leiaKehtiv<\/a><\/p>\n<p>6. Liiklusseadus (l\u00fchend &#8211; LS)<\/p>\n<p>Viide: <a href=\"https:\/\/www.riigiteataja.ee\/akt\/120062022070?leiaKehtiv\">https:\/\/www.riigiteataja.ee\/akt\/120062022070?leiaKehtiv<\/a><\/p>\n<p>7. E\u00dc N\u00f5ukogu m\u00e4\u00e4rus 3821\/85\/EM\u00dc (S\u00f5idumeeriku kasutamine)<\/p>\n<p>Viide: vaata vanalt kodulehelt <a href=\"https:\/\/eur-lex.europa.eu\/LexUriServ\/LexUriServ.do?uri=CONSLEG:1985R3821:20070411:ET:PDF\">https:\/\/eur-lex.europa.eu\/LexUriServ\/LexUriServ.do?uri=CONSLEG:1985R3821:20070411:ET:PDF<\/a><\/p>\n<p><em>S\u00f5idumeerikute m\u00e4\u00e4rus 3821\/85 muudeti kehtetuks ja <strong>asendati m\u00e4\u00e4rusega 165\/2014<\/strong> (4.02.2014), \u00fchtlasi t\u00e4iendas see m\u00e4\u00e4rus ka t\u00f6\u00f6- ja puhkeaja m\u00e4\u00e4rust 561\/2006<\/em><\/p>\n<p><em>M\u00e4\u00e4ruse 165\/2014 link: <\/em><em><a href=\"https:\/\/eur-lex.europa.eu\/legal-content\/ET\/TXT\/PDF\/?uri=CELEX:32014R0165&amp;from=HU\">https:\/\/eur-lex.europa.eu\/legal-content\/ET\/TXT\/PDF\/?uri=CELEX:32014R0165&amp;from=HU<\/a> <\/em><\/p>\n<p>8. Euroopa Parlamendi ja N\u00f5ukogu direktiiv 2002\/15\/E\u00dc (Juhi t\u00f6\u00f6- ja puhkeaeg) \u2013 kehtetu vt. Punkt 9<\/p>\n<p>Viide: <a href=\"https:\/\/eur-lex.europa.eu\/LexUriServ\/LexUriServ.do?uri=OJ:L:2002:080:0035:01:ET:HTML\">https:\/\/eur-lex.europa.eu\/LexUriServ\/LexUriServ.do?uri=OJ:L:2002:080:0035:01:ET:HTML<\/a><\/p>\n<p>9. Euroopa Parlamendi ja N\u00f5ukogu m\u00e4\u00e4rus nr 561\/2006 \u2013 kehtetu<\/p>\n<p>Viide: <a href=\"https:\/\/eur-lex.europa.eu\/LexUriServ\/LexUriServ.do?uri=CONSLEG:2006R0561:20060501:ET:PDF\">https:\/\/eur-lex.europa.eu\/LexUriServ\/LexUriServ.do?uri=CONSLEG:2006R0561:20060501:ET:PDF<\/a><\/p>\n<p><strong><em>Liikuvuspaketiga<\/em><\/strong> <em>muudetakse j\u00e4rgnevalt:<\/em><\/p>\n<p><em>\u00a0<strong>m\u00e4\u00e4rusega 2020\/1054 nii <\/strong>s\u00f5idu- ja puhkeaja m\u00e4\u00e4rust 561\/2006 kui ka meerikute m\u00e4\u00e4rust 165\/2014<\/em><\/p>\n<p><strong><em>M\u00e4\u00e4ruse 2020\/1054 link<\/em><\/strong><strong><em>: <\/em><\/strong><em><a href=\"https:\/\/eur-lex.europa.eu\/legal-content\/ET\/TXT\/PDF\/?uri=CELEX:32020R1054&amp;from=ET\">https:\/\/eur-lex.europa.eu\/legal-content\/ET\/TXT\/PDF\/?uri=CELEX:32020R1054&amp;from=ET<\/a><\/em><\/p>\n<p><strong><em>M\u00e4\u00e4rusega 2020\/1055 <\/em><\/strong><em>muudetakse veondusturule juurdep\u00e4\u00e4su ja seal tegutsemise m\u00e4\u00e4ruseid 1072\/2009 ja 1071\/2006<\/em><\/p>\n<p><strong><em>M\u00e4\u00e4ruse 2020\/1055 link<\/em><\/strong><strong><em>: <\/em><\/strong><a href=\"https:\/\/eur-lex.europa.eu\/legal-content\/ET\/TXT\/PDF\/?uri=CELEX:32020R1055&amp;qid=1643024601919&amp;from=ET\"><em>https:\/\/eur-lex.europa.eu\/legal-content\/ET\/TXT\/PDF\/?uri=CELEX:32020R1055&amp;qid=1643024601919&amp;from=ET<\/em><\/a><\/p>\n<p><strong><em>M\u00e4\u00e4rusega 2020\/1057 <\/em><\/strong><em>muudetakse s\u00f5idukijuhtide l\u00e4hetusreegleid 96\/71<\/em><\/p>\n<p><strong><em>M\u00e4\u00e4ruse 2020\/1057 link: <\/em><\/strong><a href=\"https:\/\/eur-lex.europa.eu\/legal-content\/ET\/TXT\/PDF\/?uri=CELEX:32020L1057&amp;from=ET\"><em>https:\/\/eur-lex.europa.eu\/legal-content\/ET\/TXT\/PDF\/?uri=CELEX:32020L1057&amp;from=ET<\/em><\/a><\/p>\n<p>10. N\u00f5uded s\u00f5idumeerikule ja selle paigaldamisele ning s\u00f5idumeeriku kontrollimise tingimused ja kord<\/p>\n<p>Viide: <a href=\"https:\/\/www.riigiteataja.ee\/akt\/120102017003\">https:\/\/www.riigiteataja.ee\/akt\/120102017003<\/a><\/p>\n<p>11. Mootors\u00f5iduki ja selle haagise tehnon\u00f5uded ning n\u00f5uded varustusele<\/p>\n<p>Viide: <a href=\"https:\/\/www.riigiteataja.ee\/akt\/122102022002?leiaKehtiv\">https:\/\/www.riigiteataja.ee\/akt\/122102022002?leiaKehtiv<\/a><\/p>\n<p>12. Mootors\u00f5iduki ja selle haagise tehnon\u00f5uetele vastavuse kontrollimise tingimused ja kord<\/p>\n<p>Viide: <a href=\"https:\/\/www.riigiteataja.ee\/akt\/122072011001?leiaKehtiv\">https:\/\/www.riigiteataja.ee\/akt\/122072011001?leiaKehtiv<\/a><\/p>\n<p>13. Mootors\u00f5iduki ja selle haagise registreerimise tingimused ja kord<\/p>\n<p>Viide: <a href=\"https:\/\/www.riigiteataja.ee\/akt\/103062022010?leiaKehtiv\">https:\/\/www.riigiteataja.ee\/akt\/103062022010?leiaKehtiv<\/a><\/p>\n<p>14. Kemikaaliseadus<\/p>\n<p>Viide: <a href=\"https:\/\/www.riigiteataja.ee\/akt\/KemS\">https:\/\/www.riigiteataja.ee\/akt\/KemS<\/a><\/p>\n<p>15. ADR ohutusjuhend 2023<\/p>\n<p>Viited:<\/p>\n<p>ADR 2023 ENG <a href=\"https:\/\/unece.org\/transport\/standards\/transport\/dangerous-goods\/adr-2023-agreement-concerning-international-carriage\">https:\/\/unece.org\/transport\/standards\/transport\/dangerous-goods\/adr-2023-agreement-concerning-international-carriage<\/a><\/p>\n<p>ADR 2021 ENG\u00a0 <a href=\"https:\/\/unece.org\/transportdangerous-goods\/adr-2021-files\">https:\/\/unece.org\/transportdangerous-goods\/adr-2021-files<\/a><\/p>\n<p>ADR 2019 EST <a href=\"https:\/\/www.riigiteataja.ee\/akt\/210092019001\">https:\/\/www.riigiteataja.ee\/akt\/210092019001<\/a><\/p>\n<p>16. Ohutusjuhend EST<\/p>\n<p>Viide: <a href=\"https:\/\/www.riigiteataja.ee\/akt\/210092019001p,5.4.3\">https:\/\/www.riigiteataja.ee\/akt\/210092019001p,5.4.3<\/a>.<\/p>\n<p>17. Ohutusjuhend k\u00f5igis keeltes <a href=\"https:\/\/unece.org\/linguistic-versions-adr-instructions-writing\">https:\/\/unece.org\/linguistic-versions-adr-instructions-writing<\/a><\/p>\n<p>18. Ohutusn\u00f5uniku koolituse \u00f5ppekava, kutseoskusn\u00f5uded ja koolitustunnistuse vorm<\/p>\n<p>Viide: <a href=\"https:\/\/www.riigiteataja.ee\/akt\/110112015016\">https:\/\/www.riigiteataja.ee\/akt\/110112015016<\/a><\/p>\n<p>19. Ohtlike j\u00e4\u00e4tmete riikidevahelise veo ja nende k\u00f5rvaldamise kontrolli Baseli konventsioon<\/p>\n<p>Viide: <a href=\"https:\/\/www.riigiteataja.ee\/akt\/79379\">https:\/\/www.riigiteataja.ee\/akt\/79379<\/a><\/p>\n<p>20. Raskeveokimaksu seadus (l\u00fchend &#8211; RVMS)<\/p>\n<p>Viide: <a href=\"https:\/\/www.riigiteataja.ee\/akt\/110122020026?leiaKehtiv\">https:\/\/www.riigiteataja.ee\/akt\/110122020026?leiaKehtiv<\/a><\/p>\n<p>21. Eriveo tingimused ning eriveo teostamise ja erilubade v\u00e4ljaandmise kord ning tee omanikule tekitatud kulutuste h\u00fcvitamise, eriloa menetlustasu ja eritasu m\u00e4\u00e4rad Vastu v\u00f5etud 04.09.2015 nr 114<\/p>\n<p>Viide: <a href=\"https:\/\/www.riigiteataja.ee\/akt\/109092015002?leiaKehtiv\">https:\/\/www.riigiteataja.ee\/akt\/109092015002?leiaKehtiv<\/a><\/p>\n<p>22. \u00dchistranspordiseadus<\/p>\n<p>Viide: <a href=\"https:\/\/www.riigiteataja.ee\/akt\/122032022010?leiaKehtiv\">https:\/\/www.riigiteataja.ee\/akt\/122032022010?leiaKehtiv<\/a><\/p>\n<p>23. Autosert lingid seadusandlus<\/p>\n<p>Viide: <a href=\"https:\/\/www.autosert.ee\/et\/seadusandlus\">https:\/\/www.autosert.ee\/seadusandlus\/<\/a>[\/vc_column_text][\/vc_column][\/vc_row]<\/p>\n<\/div>","protected":false},"excerpt":{"rendered":"<p>[vc_row][vc_column][vc_column_text css=&#8221;&#8221; font_color=&#8221;#1f1a17&#8243;]Link Elektroonilise Riigi Teataja lehele. Viide: https:\/\/www.riigiteataja.ee\/index.html\u00dcRO rahvusvahelised transpordialased konventsioonid ja kokkulepped. Viide: https:\/\/unece.org\/list-agreements 1. Auto, mootorratta, mopeedi ja nende haagiste t\u00fc\u00fcbikinnituse, \u00fcksiks\u00f5iduki kinnituse ja \u00fcmberehituse tingimused, n\u00f5uded ja kord: Viide: https:\/\/www.riigiteataja.ee\/akt\/108062011002?leiaKehtiv 2. Autoveoseadus (l\u00fchend &#8211; AutoVS) Viide:https:\/\/www.riigiteataja.ee\/akt\/122032022012 3. Veose paigutamise, kinnitamise ja katmise tingimused ja kord ning liiklusj\u00e4relevalve teostaja kasutatavad kontrollimise meetodid1 [&hellip;]<\/p>\n","protected":false},"author":3,"featured_media":0,"parent":0,"menu_order":0,"comment_status":"closed","ping_status":"closed","template":"","meta":{"_acf_changed":false,"footnotes":""},"class_list":["post-15389","page","type-page","status-publish","hentry"],"acf":[],"yoast_head":"<!-- This site is optimized with the Yoast SEO plugin v26.6 - https:\/\/yoast.com\/wordpress\/plugins\/seo\/ -->\n<title>Law and regulations - Elea<\/title>\n<meta name=\"robots\" content=\"index, follow, max-snippet:-1, max-image-preview:large, max-video-preview:-1\" \/>\n<link rel=\"canonical\" href=\"https:\/\/www.elea.ee\/en\/law-and-regulations\/\" \/>\n<meta property=\"og:locale\" content=\"en_US\" \/>\n<meta property=\"og:type\" content=\"article\" \/>\n<meta property=\"og:title\" content=\"Law and regulations - Elea\" \/>\n<meta property=\"og:description\" content=\"[vc_row][vc_column][vc_column_text css=&#8221;&#8221; font_color=&#8221;#1f1a17&#8243;]Link Elektroonilise Riigi Teataja lehele. Viide: https:\/\/www.riigiteataja.ee\/index.html\u00dcRO rahvusvahelised transpordialased konventsioonid ja kokkulepped. Viide: https:\/\/unece.org\/list-agreements 1. Auto, mootorratta, mopeedi ja nende haagiste t\u00fc\u00fcbikinnituse, \u00fcksiks\u00f5iduki kinnituse ja \u00fcmberehituse tingimused, n\u00f5uded ja kord: Viide: https:\/\/www.riigiteataja.ee\/akt\/108062011002?leiaKehtiv 2. Autoveoseadus (l\u00fchend &#8211; AutoVS) Viide:https:\/\/www.riigiteataja.ee\/akt\/122032022012 3. Veose paigutamise, kinnitamise ja katmise tingimused ja kord ning liiklusj\u00e4relevalve teostaja kasutatavad kontrollimise meetodid1 [&hellip;]\" \/>\n<meta property=\"og:url\" content=\"https:\/\/www.elea.ee\/en\/law-and-regulations\/\" \/>\n<meta property=\"og:site_name\" content=\"Elea\" \/>\n<meta property=\"article:modified_time\" content=\"2024-07-05T07:06:55+00:00\" \/>\n<meta name=\"twitter:card\" content=\"summary_large_image\" \/>\n<meta name=\"twitter:label1\" content=\"Est. reading time\" \/>\n\t<meta name=\"twitter:data1\" content=\"3 minutes\" \/>\n<script type=\"application\/ld+json\" class=\"yoast-schema-graph\">{\"@context\":\"https:\/\/schema.org\",\"@graph\":[{\"@type\":\"WebPage\",\"@id\":\"https:\/\/www.elea.ee\/en\/law-and-regulations\/\",\"url\":\"https:\/\/www.elea.ee\/en\/law-and-regulations\/\",\"name\":\"Law and regulations - Elea\",\"isPartOf\":{\"@id\":\"https:\/\/www.elea.ee\/en\/#website\"},\"datePublished\":\"2023-05-01T20:50:44+00:00\",\"dateModified\":\"2024-07-05T07:06:55+00:00\",\"breadcrumb\":{\"@id\":\"https:\/\/www.elea.ee\/en\/law-and-regulations\/#breadcrumb\"},\"inLanguage\":\"en-US\",\"potentialAction\":[{\"@type\":\"ReadAction\",\"target\":[\"https:\/\/www.elea.ee\/en\/law-and-regulations\/\"]}]},{\"@type\":\"BreadcrumbList\",\"@id\":\"https:\/\/www.elea.ee\/en\/law-and-regulations\/#breadcrumb\",\"itemListElement\":[{\"@type\":\"ListItem\",\"position\":1,\"name\":\"Home\",\"item\":\"https:\/\/www.elea.ee\/en\/\"},{\"@type\":\"ListItem\",\"position\":2,\"name\":\"Law and regulations\"}]},{\"@type\":\"WebSite\",\"@id\":\"https:\/\/www.elea.ee\/en\/#website\",\"url\":\"https:\/\/www.elea.ee\/en\/\",\"name\":\"Elea\",\"description\":\"\",\"publisher\":{\"@id\":\"https:\/\/www.elea.ee\/en\/#organization\"},\"potentialAction\":[{\"@type\":\"SearchAction\",\"target\":{\"@type\":\"EntryPoint\",\"urlTemplate\":\"https:\/\/www.elea.ee\/en\/?s={search_term_string}\"},\"query-input\":{\"@type\":\"PropertyValueSpecification\",\"valueRequired\":true,\"valueName\":\"search_term_string\"}}],\"inLanguage\":\"en-US\"},{\"@type\":\"Organization\",\"@id\":\"https:\/\/www.elea.ee\/en\/#organization\",\"name\":\"Elea\",\"url\":\"https:\/\/www.elea.ee\/en\/\",\"logo\":{\"@type\":\"ImageObject\",\"inLanguage\":\"en-US\",\"@id\":\"https:\/\/www.elea.ee\/en\/#\/schema\/logo\/image\/\",\"url\":\"https:\/\/www.elea.ee\/wp-content\/uploads\/2023\/04\/logo.svg\",\"contentUrl\":\"https:\/\/www.elea.ee\/wp-content\/uploads\/2023\/04\/logo.svg\",\"width\":187,\"height\":59,\"caption\":\"Elea\"},\"image\":{\"@id\":\"https:\/\/www.elea.ee\/en\/#\/schema\/logo\/image\/\"}}]}<\/script>\n<!-- \/ Yoast SEO plugin. -->","yoast_head_json":{"title":"Law and regulations - Elea","robots":{"index":"index","follow":"follow","max-snippet":"max-snippet:-1","max-image-preview":"max-image-preview:large","max-video-preview":"max-video-preview:-1"},"canonical":"https:\/\/www.elea.ee\/en\/law-and-regulations\/","og_locale":"en_US","og_type":"article","og_title":"Law and regulations - Elea","og_description":"[vc_row][vc_column][vc_column_text css=&#8221;&#8221; font_color=&#8221;#1f1a17&#8243;]Link Elektroonilise Riigi Teataja lehele. Viide: https:\/\/www.riigiteataja.ee\/index.html\u00dcRO rahvusvahelised transpordialased konventsioonid ja kokkulepped. Viide: https:\/\/unece.org\/list-agreements 1. Auto, mootorratta, mopeedi ja nende haagiste t\u00fc\u00fcbikinnituse, \u00fcksiks\u00f5iduki kinnituse ja \u00fcmberehituse tingimused, n\u00f5uded ja kord: Viide: https:\/\/www.riigiteataja.ee\/akt\/108062011002?leiaKehtiv 2. Autoveoseadus (l\u00fchend &#8211; AutoVS) Viide:https:\/\/www.riigiteataja.ee\/akt\/122032022012 3. Veose paigutamise, kinnitamise ja katmise tingimused ja kord ning liiklusj\u00e4relevalve teostaja kasutatavad kontrollimise meetodid1 [&hellip;]","og_url":"https:\/\/www.elea.ee\/en\/law-and-regulations\/","og_site_name":"Elea","article_modified_time":"2024-07-05T07:06:55+00:00","twitter_card":"summary_large_image","twitter_misc":{"Est. reading time":"3 minutes"},"schema":{"@context":"https:\/\/schema.org","@graph":[{"@type":"WebPage","@id":"https:\/\/www.elea.ee\/en\/law-and-regulations\/","url":"https:\/\/www.elea.ee\/en\/law-and-regulations\/","name":"Law and regulations - Elea","isPartOf":{"@id":"https:\/\/www.elea.ee\/en\/#website"},"datePublished":"2023-05-01T20:50:44+00:00","dateModified":"2024-07-05T07:06:55+00:00","breadcrumb":{"@id":"https:\/\/www.elea.ee\/en\/law-and-regulations\/#breadcrumb"},"inLanguage":"en-US","potentialAction":[{"@type":"ReadAction","target":["https:\/\/www.elea.ee\/en\/law-and-regulations\/"]}]},{"@type":"BreadcrumbList","@id":"https:\/\/www.elea.ee\/en\/law-and-regulations\/#breadcrumb","itemListElement":[{"@type":"ListItem","position":1,"name":"Home","item":"https:\/\/www.elea.ee\/en\/"},{"@type":"ListItem","position":2,"name":"Law and regulations"}]},{"@type":"WebSite","@id":"https:\/\/www.elea.ee\/en\/#website","url":"https:\/\/www.elea.ee\/en\/","name":"Elea","description":"","publisher":{"@id":"https:\/\/www.elea.ee\/en\/#organization"},"potentialAction":[{"@type":"SearchAction","target":{"@type":"EntryPoint","urlTemplate":"https:\/\/www.elea.ee\/en\/?s={search_term_string}"},"query-input":{"@type":"PropertyValueSpecification","valueRequired":true,"valueName":"search_term_string"}}],"inLanguage":"en-US"},{"@type":"Organization","@id":"https:\/\/www.elea.ee\/en\/#organization","name":"Elea","url":"https:\/\/www.elea.ee\/en\/","logo":{"@type":"ImageObject","inLanguage":"en-US","@id":"https:\/\/www.elea.ee\/en\/#\/schema\/logo\/image\/","url":"https:\/\/www.elea.ee\/wp-content\/uploads\/2023\/04\/logo.svg","contentUrl":"https:\/\/www.elea.ee\/wp-content\/uploads\/2023\/04\/logo.svg","width":187,"height":59,"caption":"Elea"},"image":{"@id":"https:\/\/www.elea.ee\/en\/#\/schema\/logo\/image\/"}}]}},"_links":{"self":[{"href":"https:\/\/www.elea.ee\/en\/wp-json\/wp\/v2\/pages\/15389","targetHints":{"allow":["GET"]}}],"collection":[{"href":"https:\/\/www.elea.ee\/en\/wp-json\/wp\/v2\/pages"}],"about":[{"href":"https:\/\/www.elea.ee\/en\/wp-json\/wp\/v2\/types\/page"}],"author":[{"embeddable":true,"href":"https:\/\/www.elea.ee\/en\/wp-json\/wp\/v2\/users\/3"}],"replies":[{"embeddable":true,"href":"https:\/\/www.elea.ee\/en\/wp-json\/wp\/v2\/comments?post=15389"}],"version-history":[{"count":4,"href":"https:\/\/www.elea.ee\/en\/wp-json\/wp\/v2\/pages\/15389\/revisions"}],"predecessor-version":[{"id":17077,"href":"https:\/\/www.elea.ee\/en\/wp-json\/wp\/v2\/pages\/15389\/revisions\/17077"}],"wp:attachment":[{"href":"https:\/\/www.elea.ee\/en\/wp-json\/wp\/v2\/media?parent=15389"}],"curies":[{"name":"wp","href":"https:\/\/api.w.org\/{rel}","templated":true}]}}