{"id":15385,"date":"2023-04-11T23:10:31","date_gmt":"2023-04-11T23:10:31","guid":{"rendered":"https:\/\/www.elea.ee\/?page_id=15385"},"modified":"2023-05-09T20:18:30","modified_gmt":"2023-05-09T20:18:30","slug":"useful","status":"publish","type":"page","link":"https:\/\/www.elea.ee\/en\/useful\/","title":{"rendered":"Useful"},"content":{"rendered":"<div class=\"wpb-content-wrapper\"><p>[vc_row][vc_column][vc_empty_space height=&#8221;30px&#8221;][\/vc_column][\/vc_row][vc_row gap=&#8221;100&#8243;][vc_column width=&#8221;1\/2&#8243;][vc_single_image image=&#8221;6558&#8243; img_size=&#8221;full&#8221;][\/vc_column][vc_column width=&#8221;1\/2&#8243;][vc_column_text font_color=&#8221;#99a9b9&#8243; line_height=&#8221;30px&#8221;]<\/p>\n<h2>Pilt vasakul, tekst paremal<\/h2>\n<p>Lorem ipsum dolor sit amet, consectetur adipiscing elit, sed do eiusmod tempor incididunt ut labore et dolore magna aliqua. Ut enim ad minim veniam, quis nostrud exercitation ullamco laboris nisi ut aliquip ex ea commodo consequat. Duis aute irure dolor in reprehenderit in voluptate velit esse cillum dolore eu fugiat nulla pariatur. Excepteur sint occaecat cupidatat non proident, sunt in culpa qui officia deserunt mollit anim id est laborum[\/vc_column_text][\/vc_column][\/vc_row][vc_row][vc_column][vc_empty_space height=&#8221;50px&#8221;][\/vc_column][\/vc_row][vc_row gap=&#8221;100&#8243;][vc_column width=&#8221;1\/2&#8243;][vc_column_text font_color=&#8221;#99a9b9&#8243; line_height=&#8221;30px&#8221;]<\/p>\n<h2>Pilt paremal, tekst vasakul<\/h2>\n<p><span style=\"color: #99a9b9;\">Lorem ipsum dolor sit amet, consectetur adipiscing elit, sed do eiusmod tempor incididunt ut labore et dolore magna aliqua. Ut enim ad minim veniam, quis nostrud exercitation ullamco laboris nisi ut aliquip ex ea commodo consequat. Duis aute irure dolor in reprehenderit in voluptate velit esse cillum dolore eu fugiat nulla pariatur. Excepteur sint occaecat cupidatat non proident, sunt in culpa qui officia deserunt mollit anim id est laborum<\/span>[\/vc_column_text][\/vc_column][vc_column width=&#8221;1\/2&#8243;][vc_single_image image=&#8221;6561&#8243; img_size=&#8221;full&#8221;][\/vc_column][\/vc_row][vc_row full_width=&#8221;stretch_row_content_no_spaces&#8221;][vc_column][vc_separator accent_color=&#8221;#dee7ec&#8221;][\/vc_column][\/vc_row][vc_row gap=&#8221;20&#8243;][vc_column width=&#8221;1\/3&#8243;][vc_column_text font_color=&#8221;#53575b&#8221; font_size=&#8221;14px&#8221; line_height=&#8221;26px&#8221;]<\/p>\n<h3>Kolm plokki k\u00f5rvuti<\/h3>\n<p>kindlustab ekspedeerija tsiviilvastutust vastavalt ELEA \u00fcldtingimustele. Ekspedeerija s\u00fc\u00fcl (tegu v\u00f5i tegemata j\u00e4tmine, mille eest ekspedeerija vastutab) kauba kaotsi mineku v\u00f5i transpordi k\u00e4igus tekkinud kahjud h\u00fcvitab kindlustusselts l\u00e4htuvalt rahvusvaheliste konventsioonide piirm\u00e4\u00e4radest.[\/vc_column_text][\/vc_column][vc_column width=&#8221;1\/3&#8243;][vc_column_text font_color=&#8221;#53575b&#8221; font_size=&#8221;14px&#8221; line_height=&#8221;26px&#8221;]<\/p>\n<h3>Kolm plokki k\u00f5rvuti<\/h3>\n<p>kindlustab ekspedeerija tsiviilvastutust vastavalt ELEA \u00fcldtingimustele. Ekspedeerija s\u00fc\u00fcl (tegu v\u00f5i tegemata j\u00e4tmine, mille eest ekspedeerija vastutab) kauba kaotsi mineku v\u00f5i transpordi k\u00e4igus tekkinud kahjud h\u00fcvitab kindlustusselts l\u00e4htuvalt rahvusvaheliste konventsioonide piirm\u00e4\u00e4radest.[\/vc_column_text][\/vc_column][vc_column width=&#8221;1\/3&#8243;][vc_column_text font_color=&#8221;#53575b&#8221; font_size=&#8221;14px&#8221; line_height=&#8221;26px&#8221;]<\/p>\n<h3>Kolm plokki k\u00f5rvuti<\/h3>\n<p>kindlustab ekspedeerija tsiviilvastutust vastavalt ELEA \u00fcldtingimustele. Ekspedeerija s\u00fc\u00fcl (tegu v\u00f5i tegemata j\u00e4tmine, mille eest ekspedeerija vastutab) kauba kaotsi mineku v\u00f5i transpordi k\u00e4igus tekkinud kahjud h\u00fcvitab kindlustusselts l\u00e4htuvalt rahvusvaheliste konventsioonide piirm\u00e4\u00e4radest.[\/vc_column_text][\/vc_column][\/vc_row][vc_row full_width=&#8221;stretch_row_content_no_spaces&#8221;][vc_column][vc_separator accent_color=&#8221;#dee7ec&#8221;][\/vc_column][\/vc_row][vc_row][vc_column width=&#8221;1\/2&#8243;][vc_column_text]<\/p>\n<h1>H1 tiitli pealkirja suurus<\/h1>\n<h2>H2 tiitli pealkirja suurus<\/h2>\n<h3>H3 tiitli pealkirja suurus<\/h3>\n<h4>H4 tiitli pealkirja suurus<\/h4>\n<h5>H5 tiitli pealkirja suurus<\/h5>\n<h6>H6 tiitli pealkirja suurus<\/h6>\n<p>[\/vc_column_text][\/vc_column][vc_column width=&#8221;1\/2&#8243;][vc_column_text]<\/p>\n<h2>Listi loetelu<\/h2>\n<ul>\n<li>Listi loetelu tuleb siia<\/li>\n<li>Listi loetelu tuleb siia<\/li>\n<li>Listi loetelu tuleb siia<\/li>\n<li>Listi loetelu tuleb siia<\/li>\n<\/ul>\n<p>[\/vc_column_text][\/vc_column][\/vc_row]<\/p>\n<\/div>","protected":false},"excerpt":{"rendered":"<p>[vc_row][vc_column][vc_empty_space height=&#8221;30px&#8221;][\/vc_column][\/vc_row][vc_row gap=&#8221;100&#8243;][vc_column width=&#8221;1\/2&#8243;][vc_single_image image=&#8221;6558&#8243; img_size=&#8221;full&#8221;][\/vc_column][vc_column width=&#8221;1\/2&#8243;][vc_column_text font_color=&#8221;#99a9b9&#8243; line_height=&#8221;30px&#8221;] Pilt vasakul, tekst paremal Lorem ipsum dolor sit amet, consectetur adipiscing elit, sed do eiusmod tempor incididunt ut labore et dolore magna aliqua. Ut enim ad minim veniam, quis nostrud exercitation ullamco laboris nisi ut aliquip ex ea commodo consequat. Duis aute irure dolor in reprehenderit [&hellip;]<\/p>\n","protected":false},"author":3,"featured_media":0,"parent":0,"menu_order":0,"comment_status":"closed","ping_status":"closed","template":"","meta":{"_acf_changed":false,"footnotes":""},"class_list":["post-15385","page","type-page","status-publish","hentry"],"acf":[],"yoast_head":"<!-- This site is optimized with the Yoast SEO plugin v26.6 - https:\/\/yoast.com\/wordpress\/plugins\/seo\/ -->\n<title>Useful - Elea<\/title>\n<meta name=\"robots\" content=\"index, follow, max-snippet:-1, max-image-preview:large, max-video-preview:-1\" \/>\n<link rel=\"canonical\" href=\"https:\/\/www.elea.ee\/kasulik\/\" \/>\n<meta property=\"og:locale\" content=\"en_US\" \/>\n<meta property=\"og:type\" content=\"article\" \/>\n<meta property=\"og:title\" content=\"Useful - Elea\" \/>\n<meta property=\"og:description\" content=\"[vc_row][vc_column][vc_empty_space height=&#8221;30px&#8221;][\/vc_column][\/vc_row][vc_row gap=&#8221;100&#8243;][vc_column width=&#8221;1\/2&#8243;][vc_single_image image=&#8221;6558&#8243; img_size=&#8221;full&#8221;][\/vc_column][vc_column width=&#8221;1\/2&#8243;][vc_column_text font_color=&#8221;#99a9b9&#8243; line_height=&#8221;30px&#8221;] Pilt vasakul, tekst paremal Lorem ipsum dolor sit amet, consectetur adipiscing elit, sed do eiusmod tempor incididunt ut labore et dolore magna aliqua. Ut enim ad minim veniam, quis nostrud exercitation ullamco laboris nisi ut aliquip ex ea commodo consequat. Duis aute irure dolor in reprehenderit [&hellip;]\" \/>\n<meta property=\"og:url\" content=\"https:\/\/www.elea.ee\/kasulik\/\" \/>\n<meta property=\"og:site_name\" content=\"Elea\" \/>\n<meta property=\"article:modified_time\" content=\"2023-05-09T20:18:30+00:00\" \/>\n<meta name=\"twitter:card\" content=\"summary_large_image\" \/>\n<meta name=\"twitter:label1\" content=\"Est. reading time\" \/>\n\t<meta name=\"twitter:data1\" content=\"3 minutes\" \/>\n<script type=\"application\/ld+json\" class=\"yoast-schema-graph\">{\"@context\":\"https:\/\/schema.org\",\"@graph\":[{\"@type\":\"WebPage\",\"@id\":\"https:\/\/www.elea.ee\/kasulik\/\",\"url\":\"https:\/\/www.elea.ee\/kasulik\/\",\"name\":\"Useful - Elea\",\"isPartOf\":{\"@id\":\"https:\/\/www.elea.ee\/en\/#website\"},\"datePublished\":\"2023-04-11T23:10:31+00:00\",\"dateModified\":\"2023-05-09T20:18:30+00:00\",\"breadcrumb\":{\"@id\":\"https:\/\/www.elea.ee\/kasulik\/#breadcrumb\"},\"inLanguage\":\"en-US\",\"potentialAction\":[{\"@type\":\"ReadAction\",\"target\":[\"https:\/\/www.elea.ee\/kasulik\/\"]}]},{\"@type\":\"BreadcrumbList\",\"@id\":\"https:\/\/www.elea.ee\/kasulik\/#breadcrumb\",\"itemListElement\":[{\"@type\":\"ListItem\",\"position\":1,\"name\":\"Home\",\"item\":\"https:\/\/www.elea.ee\/en\/\"},{\"@type\":\"ListItem\",\"position\":2,\"name\":\"Useful\"}]},{\"@type\":\"WebSite\",\"@id\":\"https:\/\/www.elea.ee\/en\/#website\",\"url\":\"https:\/\/www.elea.ee\/en\/\",\"name\":\"Elea\",\"description\":\"\",\"publisher\":{\"@id\":\"https:\/\/www.elea.ee\/en\/#organization\"},\"potentialAction\":[{\"@type\":\"SearchAction\",\"target\":{\"@type\":\"EntryPoint\",\"urlTemplate\":\"https:\/\/www.elea.ee\/en\/?s={search_term_string}\"},\"query-input\":{\"@type\":\"PropertyValueSpecification\",\"valueRequired\":true,\"valueName\":\"search_term_string\"}}],\"inLanguage\":\"en-US\"},{\"@type\":\"Organization\",\"@id\":\"https:\/\/www.elea.ee\/en\/#organization\",\"name\":\"Elea\",\"url\":\"https:\/\/www.elea.ee\/en\/\",\"logo\":{\"@type\":\"ImageObject\",\"inLanguage\":\"en-US\",\"@id\":\"https:\/\/www.elea.ee\/en\/#\/schema\/logo\/image\/\",\"url\":\"https:\/\/www.elea.ee\/wp-content\/uploads\/2023\/04\/logo.svg\",\"contentUrl\":\"https:\/\/www.elea.ee\/wp-content\/uploads\/2023\/04\/logo.svg\",\"width\":187,\"height\":59,\"caption\":\"Elea\"},\"image\":{\"@id\":\"https:\/\/www.elea.ee\/en\/#\/schema\/logo\/image\/\"}}]}<\/script>\n<!-- \/ Yoast SEO plugin. -->","yoast_head_json":{"title":"Useful - Elea","robots":{"index":"index","follow":"follow","max-snippet":"max-snippet:-1","max-image-preview":"max-image-preview:large","max-video-preview":"max-video-preview:-1"},"canonical":"https:\/\/www.elea.ee\/kasulik\/","og_locale":"en_US","og_type":"article","og_title":"Useful - Elea","og_description":"[vc_row][vc_column][vc_empty_space height=&#8221;30px&#8221;][\/vc_column][\/vc_row][vc_row gap=&#8221;100&#8243;][vc_column width=&#8221;1\/2&#8243;][vc_single_image image=&#8221;6558&#8243; img_size=&#8221;full&#8221;][\/vc_column][vc_column width=&#8221;1\/2&#8243;][vc_column_text font_color=&#8221;#99a9b9&#8243; line_height=&#8221;30px&#8221;] Pilt vasakul, tekst paremal Lorem ipsum dolor sit amet, consectetur adipiscing elit, sed do eiusmod tempor incididunt ut labore et dolore magna aliqua. Ut enim ad minim veniam, quis nostrud exercitation ullamco laboris nisi ut aliquip ex ea commodo consequat. Duis aute irure dolor in reprehenderit [&hellip;]","og_url":"https:\/\/www.elea.ee\/kasulik\/","og_site_name":"Elea","article_modified_time":"2023-05-09T20:18:30+00:00","twitter_card":"summary_large_image","twitter_misc":{"Est. reading time":"3 minutes"},"schema":{"@context":"https:\/\/schema.org","@graph":[{"@type":"WebPage","@id":"https:\/\/www.elea.ee\/kasulik\/","url":"https:\/\/www.elea.ee\/kasulik\/","name":"Useful - Elea","isPartOf":{"@id":"https:\/\/www.elea.ee\/en\/#website"},"datePublished":"2023-04-11T23:10:31+00:00","dateModified":"2023-05-09T20:18:30+00:00","breadcrumb":{"@id":"https:\/\/www.elea.ee\/kasulik\/#breadcrumb"},"inLanguage":"en-US","potentialAction":[{"@type":"ReadAction","target":["https:\/\/www.elea.ee\/kasulik\/"]}]},{"@type":"BreadcrumbList","@id":"https:\/\/www.elea.ee\/kasulik\/#breadcrumb","itemListElement":[{"@type":"ListItem","position":1,"name":"Home","item":"https:\/\/www.elea.ee\/en\/"},{"@type":"ListItem","position":2,"name":"Useful"}]},{"@type":"WebSite","@id":"https:\/\/www.elea.ee\/en\/#website","url":"https:\/\/www.elea.ee\/en\/","name":"Elea","description":"","publisher":{"@id":"https:\/\/www.elea.ee\/en\/#organization"},"potentialAction":[{"@type":"SearchAction","target":{"@type":"EntryPoint","urlTemplate":"https:\/\/www.elea.ee\/en\/?s={search_term_string}"},"query-input":{"@type":"PropertyValueSpecification","valueRequired":true,"valueName":"search_term_string"}}],"inLanguage":"en-US"},{"@type":"Organization","@id":"https:\/\/www.elea.ee\/en\/#organization","name":"Elea","url":"https:\/\/www.elea.ee\/en\/","logo":{"@type":"ImageObject","inLanguage":"en-US","@id":"https:\/\/www.elea.ee\/en\/#\/schema\/logo\/image\/","url":"https:\/\/www.elea.ee\/wp-content\/uploads\/2023\/04\/logo.svg","contentUrl":"https:\/\/www.elea.ee\/wp-content\/uploads\/2023\/04\/logo.svg","width":187,"height":59,"caption":"Elea"},"image":{"@id":"https:\/\/www.elea.ee\/en\/#\/schema\/logo\/image\/"}}]}},"_links":{"self":[{"href":"https:\/\/www.elea.ee\/en\/wp-json\/wp\/v2\/pages\/15385","targetHints":{"allow":["GET"]}}],"collection":[{"href":"https:\/\/www.elea.ee\/en\/wp-json\/wp\/v2\/pages"}],"about":[{"href":"https:\/\/www.elea.ee\/en\/wp-json\/wp\/v2\/types\/page"}],"author":[{"embeddable":true,"href":"https:\/\/www.elea.ee\/en\/wp-json\/wp\/v2\/users\/3"}],"replies":[{"embeddable":true,"href":"https:\/\/www.elea.ee\/en\/wp-json\/wp\/v2\/comments?post=15385"}],"version-history":[{"count":1,"href":"https:\/\/www.elea.ee\/en\/wp-json\/wp\/v2\/pages\/15385\/revisions"}],"predecessor-version":[{"id":15386,"href":"https:\/\/www.elea.ee\/en\/wp-json\/wp\/v2\/pages\/15385\/revisions\/15386"}],"wp:attachment":[{"href":"https:\/\/www.elea.ee\/en\/wp-json\/wp\/v2\/media?parent=15385"}],"curies":[{"name":"wp","href":"https:\/\/api.w.org\/{rel}","templated":true}]}}