{"id":15062,"date":"2023-05-01T19:06:57","date_gmt":"2023-05-01T19:06:57","guid":{"rendered":"https:\/\/www.elea.ee\/?page_id=15062"},"modified":"2023-06-20T16:02:32","modified_gmt":"2023-06-20T16:02:32","slug":"2018-2","status":"publish","type":"page","link":"https:\/\/www.elea.ee\/en\/management-board-of-elfa\/2018-2\/","title":{"rendered":"2018"},"content":{"rendered":"<div class=\"wpb-content-wrapper\"><p>[vc_row][vc_column][vc_column_text font_color=&#8221;#1f1a17&#8243;]From July 2018, the management board consists of the following seven members:<\/p>\n<table width=\"962\">\n<tbody>\n<tr>\n<td width=\"288\">Chairman of the management board:<\/td>\n<td width=\"674\">Toomas Orutar (Logistika Pluss O\u00dc)<\/td>\n<\/tr>\n<tr>\n<td width=\"288\">Vice chairman:<\/td>\n<td width=\"674\">Joel Timm (Balti Logistika AS)<\/td>\n<\/tr>\n<tr>\n<td width=\"288\">Members of the management board:<\/td>\n<td width=\"674\">Alvar T\u00f5ruke (DSV Transport AS)<br \/>\nJanek Saareoks (Schenker AS)<br \/>\nMeelike Paalberg (Itella Estonia O\u00dc)<br \/>\nRainer Rohtla (DPD Eesti AS)<br \/>\nRaul Toomsalu (EVR Cargo AS)<\/td>\n<\/tr>\n<tr>\n<td width=\"288\">Substitute members:<\/td>\n<td width=\"674\">Roger Allas (HAVI Logistics O\u00dc)<br \/>\nPriit M\u00e4ggi (Greencarrier Freight Services Estonia O\u00dc)<\/td>\n<\/tr>\n<tr>\n<td width=\"288\">Head secretary of ELFA:<\/td>\n<td width=\"674\">Katre Kasep\u00f5ld<\/td>\n<\/tr>\n<\/tbody>\n<\/table>\n<p>[\/vc_column_text][\/vc_column][\/vc_row]<\/p>\n<\/div>","protected":false},"excerpt":{"rendered":"<p>[vc_row][vc_column][vc_column_text font_color=&#8221;#1f1a17&#8243;]From July 2018, the management board consists of the following seven members: Chairman of the management board: Toomas Orutar (Logistika Pluss O\u00dc) Vice chairman: Joel Timm (Balti Logistika AS) Members of the management board: Alvar T\u00f5ruke (DSV Transport AS) Janek Saareoks (Schenker AS) Meelike Paalberg (Itella Estonia O\u00dc) Rainer Rohtla (DPD Eesti AS) Raul [&hellip;]<\/p>\n","protected":false},"author":3,"featured_media":0,"parent":15040,"menu_order":0,"comment_status":"closed","ping_status":"closed","template":"","meta":{"_acf_changed":false,"footnotes":""},"class_list":["post-15062","page","type-page","status-publish","hentry"],"acf":[],"yoast_head":"<!-- This site is optimized with the Yoast SEO plugin v26.6 - https:\/\/yoast.com\/wordpress\/plugins\/seo\/ -->\n<title>2018 - Elea<\/title>\n<meta name=\"robots\" content=\"index, follow, max-snippet:-1, max-image-preview:large, max-video-preview:-1\" \/>\n<link rel=\"canonical\" href=\"https:\/\/www.elea.ee\/elea-juhatus\/2018-2\/\" \/>\n<meta property=\"og:locale\" content=\"en_US\" \/>\n<meta property=\"og:type\" content=\"article\" \/>\n<meta property=\"og:title\" content=\"2018 - Elea\" \/>\n<meta property=\"og:description\" content=\"[vc_row][vc_column][vc_column_text font_color=&#8221;#1f1a17&#8243;]From July 2018, the management board consists of the following seven members: Chairman of the management board: Toomas Orutar (Logistika Pluss O\u00dc) Vice chairman: Joel Timm (Balti Logistika AS) Members of the management board: Alvar T\u00f5ruke (DSV Transport AS) Janek Saareoks (Schenker AS) Meelike Paalberg (Itella Estonia O\u00dc) Rainer Rohtla (DPD Eesti AS) Raul [&hellip;]\" \/>\n<meta property=\"og:url\" content=\"https:\/\/www.elea.ee\/elea-juhatus\/2018-2\/\" \/>\n<meta property=\"og:site_name\" content=\"Elea\" \/>\n<meta property=\"article:modified_time\" content=\"2023-06-20T16:02:32+00:00\" \/>\n<meta name=\"twitter:card\" content=\"summary_large_image\" \/>\n<script type=\"application\/ld+json\" class=\"yoast-schema-graph\">{\"@context\":\"https:\/\/schema.org\",\"@graph\":[{\"@type\":\"WebPage\",\"@id\":\"https:\/\/www.elea.ee\/elea-juhatus\/2018-2\/\",\"url\":\"https:\/\/www.elea.ee\/elea-juhatus\/2018-2\/\",\"name\":\"2018 - Elea\",\"isPartOf\":{\"@id\":\"https:\/\/www.elea.ee\/en\/#website\"},\"datePublished\":\"2023-05-01T19:06:57+00:00\",\"dateModified\":\"2023-06-20T16:02:32+00:00\",\"breadcrumb\":{\"@id\":\"https:\/\/www.elea.ee\/elea-juhatus\/2018-2\/#breadcrumb\"},\"inLanguage\":\"en-US\",\"potentialAction\":[{\"@type\":\"ReadAction\",\"target\":[\"https:\/\/www.elea.ee\/elea-juhatus\/2018-2\/\"]}]},{\"@type\":\"BreadcrumbList\",\"@id\":\"https:\/\/www.elea.ee\/elea-juhatus\/2018-2\/#breadcrumb\",\"itemListElement\":[{\"@type\":\"ListItem\",\"position\":1,\"name\":\"Home\",\"item\":\"https:\/\/www.elea.ee\/en\/\"},{\"@type\":\"ListItem\",\"position\":2,\"name\":\"Management Board of ELFA\",\"item\":\"https:\/\/www.elea.ee\/elea-juhatus\/\"},{\"@type\":\"ListItem\",\"position\":3,\"name\":\"2018\"}]},{\"@type\":\"WebSite\",\"@id\":\"https:\/\/www.elea.ee\/en\/#website\",\"url\":\"https:\/\/www.elea.ee\/en\/\",\"name\":\"Elea\",\"description\":\"\",\"publisher\":{\"@id\":\"https:\/\/www.elea.ee\/en\/#organization\"},\"potentialAction\":[{\"@type\":\"SearchAction\",\"target\":{\"@type\":\"EntryPoint\",\"urlTemplate\":\"https:\/\/www.elea.ee\/en\/?s={search_term_string}\"},\"query-input\":{\"@type\":\"PropertyValueSpecification\",\"valueRequired\":true,\"valueName\":\"search_term_string\"}}],\"inLanguage\":\"en-US\"},{\"@type\":\"Organization\",\"@id\":\"https:\/\/www.elea.ee\/en\/#organization\",\"name\":\"Elea\",\"url\":\"https:\/\/www.elea.ee\/en\/\",\"logo\":{\"@type\":\"ImageObject\",\"inLanguage\":\"en-US\",\"@id\":\"https:\/\/www.elea.ee\/en\/#\/schema\/logo\/image\/\",\"url\":\"https:\/\/www.elea.ee\/wp-content\/uploads\/2023\/04\/logo.svg\",\"contentUrl\":\"https:\/\/www.elea.ee\/wp-content\/uploads\/2023\/04\/logo.svg\",\"width\":187,\"height\":59,\"caption\":\"Elea\"},\"image\":{\"@id\":\"https:\/\/www.elea.ee\/en\/#\/schema\/logo\/image\/\"}}]}<\/script>\n<!-- \/ Yoast SEO plugin. -->","yoast_head_json":{"title":"2018 - Elea","robots":{"index":"index","follow":"follow","max-snippet":"max-snippet:-1","max-image-preview":"max-image-preview:large","max-video-preview":"max-video-preview:-1"},"canonical":"https:\/\/www.elea.ee\/elea-juhatus\/2018-2\/","og_locale":"en_US","og_type":"article","og_title":"2018 - Elea","og_description":"[vc_row][vc_column][vc_column_text font_color=&#8221;#1f1a17&#8243;]From July 2018, the management board consists of the following seven members: Chairman of the management board: Toomas Orutar (Logistika Pluss O\u00dc) Vice chairman: Joel Timm (Balti Logistika AS) Members of the management board: Alvar T\u00f5ruke (DSV Transport AS) Janek Saareoks (Schenker AS) Meelike Paalberg (Itella Estonia O\u00dc) Rainer Rohtla (DPD Eesti AS) Raul [&hellip;]","og_url":"https:\/\/www.elea.ee\/elea-juhatus\/2018-2\/","og_site_name":"Elea","article_modified_time":"2023-06-20T16:02:32+00:00","twitter_card":"summary_large_image","schema":{"@context":"https:\/\/schema.org","@graph":[{"@type":"WebPage","@id":"https:\/\/www.elea.ee\/elea-juhatus\/2018-2\/","url":"https:\/\/www.elea.ee\/elea-juhatus\/2018-2\/","name":"2018 - Elea","isPartOf":{"@id":"https:\/\/www.elea.ee\/en\/#website"},"datePublished":"2023-05-01T19:06:57+00:00","dateModified":"2023-06-20T16:02:32+00:00","breadcrumb":{"@id":"https:\/\/www.elea.ee\/elea-juhatus\/2018-2\/#breadcrumb"},"inLanguage":"en-US","potentialAction":[{"@type":"ReadAction","target":["https:\/\/www.elea.ee\/elea-juhatus\/2018-2\/"]}]},{"@type":"BreadcrumbList","@id":"https:\/\/www.elea.ee\/elea-juhatus\/2018-2\/#breadcrumb","itemListElement":[{"@type":"ListItem","position":1,"name":"Home","item":"https:\/\/www.elea.ee\/en\/"},{"@type":"ListItem","position":2,"name":"Management Board of ELFA","item":"https:\/\/www.elea.ee\/elea-juhatus\/"},{"@type":"ListItem","position":3,"name":"2018"}]},{"@type":"WebSite","@id":"https:\/\/www.elea.ee\/en\/#website","url":"https:\/\/www.elea.ee\/en\/","name":"Elea","description":"","publisher":{"@id":"https:\/\/www.elea.ee\/en\/#organization"},"potentialAction":[{"@type":"SearchAction","target":{"@type":"EntryPoint","urlTemplate":"https:\/\/www.elea.ee\/en\/?s={search_term_string}"},"query-input":{"@type":"PropertyValueSpecification","valueRequired":true,"valueName":"search_term_string"}}],"inLanguage":"en-US"},{"@type":"Organization","@id":"https:\/\/www.elea.ee\/en\/#organization","name":"Elea","url":"https:\/\/www.elea.ee\/en\/","logo":{"@type":"ImageObject","inLanguage":"en-US","@id":"https:\/\/www.elea.ee\/en\/#\/schema\/logo\/image\/","url":"https:\/\/www.elea.ee\/wp-content\/uploads\/2023\/04\/logo.svg","contentUrl":"https:\/\/www.elea.ee\/wp-content\/uploads\/2023\/04\/logo.svg","width":187,"height":59,"caption":"Elea"},"image":{"@id":"https:\/\/www.elea.ee\/en\/#\/schema\/logo\/image\/"}}]}},"_links":{"self":[{"href":"https:\/\/www.elea.ee\/en\/wp-json\/wp\/v2\/pages\/15062","targetHints":{"allow":["GET"]}}],"collection":[{"href":"https:\/\/www.elea.ee\/en\/wp-json\/wp\/v2\/pages"}],"about":[{"href":"https:\/\/www.elea.ee\/en\/wp-json\/wp\/v2\/types\/page"}],"author":[{"embeddable":true,"href":"https:\/\/www.elea.ee\/en\/wp-json\/wp\/v2\/users\/3"}],"replies":[{"embeddable":true,"href":"https:\/\/www.elea.ee\/en\/wp-json\/wp\/v2\/comments?post=15062"}],"version-history":[{"count":2,"href":"https:\/\/www.elea.ee\/en\/wp-json\/wp\/v2\/pages\/15062\/revisions"}],"predecessor-version":[{"id":16468,"href":"https:\/\/www.elea.ee\/en\/wp-json\/wp\/v2\/pages\/15062\/revisions\/16468"}],"up":[{"embeddable":true,"href":"https:\/\/www.elea.ee\/en\/wp-json\/wp\/v2\/pages\/15040"}],"wp:attachment":[{"href":"https:\/\/www.elea.ee\/en\/wp-json\/wp\/v2\/media?parent=15062"}],"curies":[{"name":"wp","href":"https:\/\/api.w.org\/{rel}","templated":true}]}}